{"id":3696,"date":"2023-09-18T16:51:00","date_gmt":"2023-09-18T13:51:00","guid":{"rendered":"https:\/\/onkel.com.tr\/unkategorisiert\/gruene-honigmelone-unreif\/"},"modified":"2023-09-18T16:51:00","modified_gmt":"2023-09-18T13:51:00","slug":"gruene-honigmelone-unreif","status":"publish","type":"product","link":"https:\/\/onkel.com.tr\/de\/fruechte-de\/kelek-typen\/gruene-honigmelone-unreif\/","title":{"rendered":"Gr\u00fcne Honigmelone (unreif)"},"content":{"rendered":"<div class=\"periyodikTablo\">\n<table>\n<thead>\n<tr>\n<th class=\"periyodikTabloTitle\" colspan=\"12\">verf\u00fcgbare Jahreszeiten<\/th>\n<\/tr>\n<tr>\n<th>Januar<\/th>\n<th>Februar<\/th>\n<th>M\u00e4rz<\/th>\n<th>April<\/th>\n<th>Mai<\/th>\n<th>Juno<\/th>\n<th>Juli<\/th>\n<th>August<\/th>\n<th>September<\/th>\n<th>Oktober<\/th>\n<th>November<\/th>\n<th>Dezember<\/th>\n<\/tr>\n<\/thead>\n<tbody>\n<tr>\n<td class=\"\"><\/td>\n<td class=\"\"><\/td>\n<td class=\"\"><\/td>\n<td class=\"\"><\/td>\n<td class=\"green\"><\/td>\n<td class=\"green\"><\/td>\n<td class=\"green\"><\/td>\n<td class=\"\"><\/td>\n<td class=\"\"><\/td>\n<td class=\"\"><\/td>\n<td class=\"\"><\/td>\n<td class=\"\"><\/td>\n<\/tr>\n<\/tbody>\n<\/table>\n<\/div>\n<div class=\"productTable\">\n<table><!-- BA\u015eLIK --><\/p>\n<thead>\n<tr>\n<th>Ma\u00dfeinheit<\/th>\n<th><img decoding=\"async\" class=\"\" src=\"\/wp-content\/uploads\/kasa.svg\"> Verpackung<\/th>\n<th><img decoding=\"async\" class=\"\" src=\"\/wp-content\/uploads\/palet.svg\"> Pallete<\/th>\n<\/tr>\n<\/thead>\n<p><!-- BA\u015eLIK--><!-- CONTENT --><\/p>\n<tbody>\n<tr>\n<td class=\"boy\"><\/td>\n<td class=\"ambalaj\">\n<div><strong>Kunststoffkoffer<\/strong> 30&#215;40 cm<\/div>\n<div><strong>Pappkarton<\/strong> 30&#215;60 cm<\/div>\n<\/td>\n<td class=\"palet\">\n<div><strong>Europalette<\/strong> 80&#215;100 cm<\/div>\n<div><strong>Normale Palette<\/strong> 100&#215;120 cm<\/div>\n<\/td>\n<\/tr>\n<\/tbody>\n<p><!-- CONTENT --><\/table>\n<\/div>\n","protected":false},"excerpt":{"rendered":"<p>Kelek ist eine Fruchtart, die zur Familie der Weintraubengew\u00e4chse (Vitaceae) geh\u00f6rt und sich auf die unausgewachsenen und ungeh\u00e4rteten Trauben des Weintraubenbaums der Gattung Vitis bezieht. Keleks werden in der Regel von Weinbergen oder Traubenb\u00e4umen geschnitten und verzehrt. Hier finden Sie weitere Informationen \u00fcber Kelek:<\/p>\n<ol>\n<li>Geschmacklich erinnert Kelek an eine sehr aromatische und leicht s\u00fc\u00dfliche Gurke. Die meist apfelgro\u00dfen Fr\u00fcchte aus der T\u00fcrkei \u00e4hneln \u00e4u\u00dferlich einer Zucchini. Im Gegensatz zu dieser ist die Schale allerdings nicht glatt, sondern von stumpferer Beschaffenheit. aromatisch und s\u00fc\u00dflich ist Kelek. Kelek bedeutet in der t\u00fcrkischen Sprache \u201ckahl\u201d oder \u201cunreif\u201d und letzendlich handelt es sich bei dieser Frucht auch um nichts anderes als eine unreife Honigmelone.<\/li>\n<li>Die Fr\u00fcchte sind im Herbst fast ausschlie\u00dflich in t\u00fcrkischen Lebensmittelgesch\u00e4ften erh\u00e4ltlich und schmecken vorz\u00fcglich zu Schafsk\u00e4se, Tomaten und Oliven\u00f6l. Diese Delikatesse kann, wie beschrieben in verschiedenen Rezepten verwendet werden. Keleks kann zum W\u00fcrzen von s\u00fc\u00dfen und herzhaften Gerichten, Pilaws, Kebabs und verschiedenen Backwaren verwendet werden.<\/li>\n<li>Gesundheitliche Vorteile: Keleks sind reich an Fruchtfleisch und Antioxidantien. Die in ihnen enthaltenen Ballaststoffe k\u00f6nnen die Gesundheit der Verdauung unterst\u00fctzen und das S\u00e4ttigungsgef\u00fchl steigern. Sie enthalten auch N\u00e4hrstoffe wie Vitamin C, Eisen und Kalium.<\/li>\n<li>Aufbewahrung: Am Besten an einem k\u00fchlen und trockenen Ort. Auf diese Weise bleiben sie lange Zeit frisch. Auf diese Weise bleiben sie lange Zeit frisch.<\/li>\n<li>Verschiedene Arten: Keleks k\u00f6nnen aus verschiedenen Traubensorten gewonnen werden, so dass sie unterschiedliche Gr\u00f6\u00dfen, Geschmacksrichtungen und Farben haben k\u00f6nnen. So k\u00f6nnen beispielsweise die Beeren schwarzer Trauben gr\u00f6\u00dfer und s\u00fc\u00dfer sein, w\u00e4hrend die Beeren wei\u00dfer Trauben eher sauer und kleiner sein k\u00f6nnen.<\/li>\n<\/ol>\n<p>Keleks sind ein Aroma- und S\u00fc\u00dfungsmittel, das in Form von getrockneten Fr\u00fcchten verzehrt und in vielen K\u00fcchen verwendet wird. Sie haben auch nahrhafte und gesundheitsf\u00f6rdernde Eigenschaften, aber ein \u00fcberm\u00e4\u00dfiger Verzehr kann zu Mundtrockenheit f\u00fchren, weshalb sie mit Vorsicht genossen werden sollten.<\/p>\n","protected":false},"featured_media":3740,"template":"","meta":[],"product_brand":[],"product_cat":[113],"product_tag":[],"class_list":{"0":"post-3696","1":"product","2":"type-product","3":"status-publish","4":"has-post-thumbnail","6":"product_cat-kelek-typen","8":"first","9":"instock","10":"shipping-taxable","11":"product-type-simple"},"_links":{"self":[{"href":"https:\/\/onkel.com.tr\/de\/wp-json\/wp\/v2\/product\/3696","targetHints":{"allow":["GET"]}}],"collection":[{"href":"https:\/\/onkel.com.tr\/de\/wp-json\/wp\/v2\/product"}],"about":[{"href":"https:\/\/onkel.com.tr\/de\/wp-json\/wp\/v2\/types\/product"}],"wp:featuredmedia":[{"embeddable":true,"href":"https:\/\/onkel.com.tr\/de\/wp-json\/wp\/v2\/media\/3740"}],"wp:attachment":[{"href":"https:\/\/onkel.com.tr\/de\/wp-json\/wp\/v2\/media?parent=3696"}],"wp:term":[{"taxonomy":"product_brand","embeddable":true,"href":"https:\/\/onkel.com.tr\/de\/wp-json\/wp\/v2\/product_brand?post=3696"},{"taxonomy":"product_cat","embeddable":true,"href":"https:\/\/onkel.com.tr\/de\/wp-json\/wp\/v2\/product_cat?post=3696"},{"taxonomy":"product_tag","embeddable":true,"href":"https:\/\/onkel.com.tr\/de\/wp-json\/wp\/v2\/product_tag?post=3696"}],"curies":[{"name":"wp","href":"https:\/\/api.w.org\/{rel}","templated":true}]}}