{"id":3694,"date":"2023-09-25T16:50:04","date_gmt":"2023-09-25T13:50:04","guid":{"rendered":"https:\/\/onkel.com.tr\/unkategorisiert\/wassermelone-normal\/"},"modified":"2024-05-16T14:18:28","modified_gmt":"2024-05-16T11:18:28","slug":"wassermelone-normal","status":"publish","type":"product","link":"https:\/\/onkel.com.tr\/de\/fruechte-de\/wassermelonensorten\/wassermelone-normal\/","title":{"rendered":"Wassermelone normal"},"content":{"rendered":"<div class=\"periyodikTablo\">\n<table>\n<thead>\n<tr>\n<th class=\"periyodikTabloTitle\" colspan=\"12\">verf\u00fcgbare Jahreszeiten<\/th>\n<\/tr>\n<tr>\n<th>Januar<\/th>\n<th>Februar<\/th>\n<th>M\u00e4rz<\/th>\n<th>April<\/th>\n<th>Mai<\/th>\n<th>Juno<\/th>\n<th>Juli<\/th>\n<th>August<\/th>\n<th>September<\/th>\n<th>Oktober<\/th>\n<th>November<\/th>\n<th>Dezember<\/th>\n<\/tr>\n<\/thead>\n<tbody>\n<tr>\n<td class=\"\"><\/td>\n<td class=\"\"><\/td>\n<td class=\"\"><\/td>\n<td class=\"green\"><\/td>\n<td class=\"green\"><\/td>\n<td class=\"green\"><\/td>\n<td class=\"green\"><\/td>\n<td class=\"green\"><\/td>\n<td class=\"green\"><\/td>\n<td class=\"\"><\/td>\n<td class=\"\"><\/td>\n<td class=\"\"><\/td>\n<\/tr>\n<\/tbody>\n<\/table>\n<\/div>\n<div class=\"productTable\">\n<table><!-- BA\u015eLIK --><\/p>\n<thead>\n<tr>\n<th>Ma\u00dfeinheit<\/th>\n<th><img decoding=\"async\" class=\"\" src=\"\/wp-content\/uploads\/kasa.svg\"> Verpackung<\/th>\n<th><img decoding=\"async\" class=\"\" src=\"\/wp-content\/uploads\/palet.svg\"> Pallete<\/th>\n<\/tr>\n<\/thead>\n<p><!-- BA\u015eLIK--><!-- CONTENT --><\/p>\n<tbody>\n<tr>\n<td class=\"boy\"><\/td>\n<td class=\"ambalaj\">\n<div><strong>K\u00e4fig aus Holz und Pappe<\/strong><\/div>\n<div>Durchschnittlich 900kg<\/div>\n<\/td>\n<td class=\"palet\">\n<div><strong>Europalette<\/strong> 80&#215;100 cm<\/div>\n<div><strong>Normale Palette<\/strong> 100&#215;120 cm<\/div>\n<\/td>\n<\/tr>\n<\/tbody>\n<p><!-- CONTENT --><\/table>\n<\/div>\n<p>&nbsp;<\/p>\n","protected":false},"excerpt":{"rendered":"<p>Die Wassermelone (Citrullus lanatus) ist eine gro\u00dfe, wassergef\u00fcllte und s\u00fc\u00dfe Frucht aus der Familie der K\u00fcrbisgew\u00e4chse (Cucurbitaceae). Die Wassermelone ist als eine der am meisten konsumierten Fr\u00fcchte in der Sommersaison bekannt und wird in der ganzen Welt angebaut. Hier finden Sie weitere Informationen zur Wassermelone:<\/p>\n<ol>\n<li>Physikalische Merkmale: Die Wassermelone ist eine Frucht, die normalerweise gro\u00df und oval oder rund ist. Die Schale ist gr\u00fcn oder gelblich-gr\u00fcn, w\u00e4hrend das Innere leuchtend rosa oder rot ist. Das Innere der Wassermelone ist wasserhaltig und s\u00fc\u00df, die Kerne k\u00f6nnen schwarz oder braun gef\u00e4rbt sein.<\/li>\n<li>N\u00e4hrwert: Die Wassermelone ist eine kalorienarme Frucht mit einem sehr hohen Wassergehalt (meist 90% Wasser). Au\u00dferdem enth\u00e4lt er wichtige N\u00e4hrstoffe wie Vitamin C, Vitamin A, Kalium und Lycopin. Lycopin ist ein in der Wassermelone enthaltenes Antioxidans, das sich positiv auf die Gesundheit der Haut, die Sehkraft und das Immunsystem auswirken kann.<\/li>\n<li>Verzehr: Die Wassermelone wird in der Regel frisch aufgeschnitten oder in St\u00fccken verzehrt. Sie ist als k\u00fchlende und erfrischende Frucht im Sommer sehr beliebt. Es k\u00f6nnen auch Wassermelonensaft, Wassermelonenscheiben oder Wassermelonensalate zubereitet werden.<\/li>\n<li>Landwirtschaft und Kultivierung: Die Wassermelonenpflanze bevorzugt ein warmes und sonniges Klima und w\u00e4chst in gut durchl\u00e4ssigen B\u00f6den. Die Samen werden in den Boden ges\u00e4t, und wenn die Pflanze w\u00e4chst, nimmt sie gew\u00f6hnlich eine gro\u00dfe, \u00fcberh\u00e4ngende Form an. Die Fr\u00fcchte reifen im Sommer und werden geerntet.<\/li>\n<li>Geschichte und Herkunft: Die Wassermelone stammt urspr\u00fcnglich aus Afrika, wurde aber im Laufe der Geschichte in vielen verschiedenen Gegenden angebaut. Der Verzehr von Wassermelonen ist in vielen alten Kulturen vom alten \u00c4gypten bis zum R\u00f6mischen Reich bekannt.<\/li>\n<li>Gesundheitliche Vorteile: Dank ihres hohen Wassergehalts kann die Wassermelone den K\u00f6rper hydratisieren und den Fl\u00fcssigkeitsverlust bei hei\u00dfem Wetter ausgleichen. Durch seinen niedrigen Kalorien- und Natriumgehalt kann er auch zur Gewichtskontrolle beitragen. Vitamin C kann das Immunsystem st\u00e4rken und Lycopin hat antioxidative Eigenschaften.<\/li>\n<\/ol>\n<p>Die Wassermelone ist eine h\u00e4ufig bevorzugte Option als erfrischende und k\u00f6stliche Frucht im Sommer. Er wird von vielen Menschen genossen, weil er sowohl lecker als auch nahrhaft ist.<\/p>\n<p><strong>ERZEUGUNGSGEBIET : ANTALYA \/ TURKEY<\/strong><\/p>\n","protected":false},"featured_media":2667,"template":"","meta":[],"product_brand":[],"product_cat":[110],"product_tag":[],"class_list":{"0":"post-3694","1":"product","2":"type-product","3":"status-publish","4":"has-post-thumbnail","6":"product_cat-wassermelonensorten","8":"first","9":"instock","10":"shipping-taxable","11":"product-type-simple"},"_links":{"self":[{"href":"https:\/\/onkel.com.tr\/de\/wp-json\/wp\/v2\/product\/3694","targetHints":{"allow":["GET"]}}],"collection":[{"href":"https:\/\/onkel.com.tr\/de\/wp-json\/wp\/v2\/product"}],"about":[{"href":"https:\/\/onkel.com.tr\/de\/wp-json\/wp\/v2\/types\/product"}],"wp:featuredmedia":[{"embeddable":true,"href":"https:\/\/onkel.com.tr\/de\/wp-json\/wp\/v2\/media\/2667"}],"wp:attachment":[{"href":"https:\/\/onkel.com.tr\/de\/wp-json\/wp\/v2\/media?parent=3694"}],"wp:term":[{"taxonomy":"product_brand","embeddable":true,"href":"https:\/\/onkel.com.tr\/de\/wp-json\/wp\/v2\/product_brand?post=3694"},{"taxonomy":"product_cat","embeddable":true,"href":"https:\/\/onkel.com.tr\/de\/wp-json\/wp\/v2\/product_cat?post=3694"},{"taxonomy":"product_tag","embeddable":true,"href":"https:\/\/onkel.com.tr\/de\/wp-json\/wp\/v2\/product_tag?post=3694"}],"curies":[{"name":"wp","href":"https:\/\/api.w.org\/{rel}","templated":true}]}}