{"id":3587,"date":"2023-09-29T16:47:12","date_gmt":"2023-09-29T13:47:12","guid":{"rendered":"https:\/\/onkel.com.tr\/unkategorisiert\/paprika-gruen-dolma\/"},"modified":"2024-05-16T14:16:10","modified_gmt":"2024-05-16T11:16:10","slug":"paprika-gruen-dolma","status":"publish","type":"product","link":"https:\/\/onkel.com.tr\/de\/gemuese\/paprikasorten\/paprika-gruen-dolma\/","title":{"rendered":"Paprika gr\u00fcn (Dolma)"},"content":{"rendered":"<div class=\"periyodikTablo\">\n<table>\n<thead>\n<tr>\n<th class=\"periyodikTabloTitle\" colspan=\"12\">verf\u00fcgbare Jahreszeiten<\/th>\n<\/tr>\n<tr>\n<th>Januar<\/th>\n<th>Februar<\/th>\n<th>M\u00e4rz<\/th>\n<th>April<\/th>\n<th>Mai<\/th>\n<th>Juno<\/th>\n<th>Juli<\/th>\n<th>August<\/th>\n<th>September<\/th>\n<th>Oktober<\/th>\n<th>November<\/th>\n<th>Dezember<\/th>\n<\/tr>\n<\/thead>\n<tbody>\n<tr>\n<td class=\"green\"><\/td>\n<td class=\"green\"><\/td>\n<td class=\"green\"><\/td>\n<td class=\"green\"><\/td>\n<td class=\"green\"><\/td>\n<td class=\"green\"><\/td>\n<td class=\"green\"><\/td>\n<td class=\"green\"><\/td>\n<td class=\"green\"><\/td>\n<td class=\"green\"><\/td>\n<td class=\"green\"><\/td>\n<td class=\"green\"><\/td>\n<\/tr>\n<\/tbody>\n<\/table>\n<\/div>\n<div class=\"productTable\">\n<table><!-- BA\u015eLIK --><\/p>\n<thead>\n<tr>\n<th>Ma\u00dfeinheit<\/th>\n<th><img decoding=\"async\" class=\"\" src=\"\/wp-content\/uploads\/kasa.svg\"> Verpackung<\/th>\n<th><img decoding=\"async\" class=\"\" src=\"\/wp-content\/uploads\/palet.svg\"> Pallete<\/th>\n<\/tr>\n<\/thead>\n<p><!-- BA\u015eLIK--><!-- CONTENT --><\/p>\n<tbody>\n<tr>\n<td class=\"boy\"><\/td>\n<td class=\"ambalaj\">\n<div><strong>Kunststoffkiste<\/strong> 40&#215;60 cm<\/div>\n<div><strong>Pappkarton<\/strong> 40&#215;60 cm<\/div>\n<div><strong>Pappkarton<\/strong> 30&#215;60 cm<\/div>\n<\/td>\n<td class=\"palet\">\n<div><strong>Europalette<\/strong> 80&#215;100 cm<\/div>\n<div><strong>Normale Palette<\/strong> 100&#215;120 cm<\/div>\n<\/td>\n<\/tr>\n<\/tbody>\n<p><!-- CONTENT --><\/table>\n<\/div>\n","protected":false},"excerpt":{"rendered":"<p>Paprika gr\u00fcn (Dolma) ist eine Pfeffersorte, die im Allgemeinen f\u00fcr die Herstellung von Dolma verwendet wird. Paprika gr\u00fcn (Dolma) ist ein traditionelles Gericht, bei dem Paprikaschoten gef\u00fcllt und mit F\u00fcllungen zubereitet werden, die in der Regel mit Reis, Fleisch oder Gem\u00fcse vermischt werden. Gef\u00fcllte Paprika gr\u00fcn (Dolma) werden f\u00fcr die Zubereitung dieses Gerichts h\u00e4ufig verwendet und haben einige besondere Eigenschaften. Hier finden Sie weitere Informationen \u00fcber Paprika gr\u00fcn (Dolma):<\/p>\n<ol>\n<li>Physikalische Eigenschaften: Paprika gr\u00fcn (Dolma) sind im Allgemeinen mittelgro\u00df und haben eine d\u00fcnne Schale. Sie sind in der Regel l\u00e4nglich und zylinderf\u00f6rmig. Die f\u00fcr die Zubereitung von Dolma verwendeten Paprika gr\u00fcn (Dolma) k\u00f6nnen jedoch je nach Land und Region variieren. Bereiten Sie jede Chili f\u00fcr die F\u00fcllung vor.<\/li>\n<li>Verwendung: Gef\u00fcllte Paprika gr\u00fcn (Dolma) werden in der Regel gebacken, gekocht oder ger\u00f6stet, nachdem sie mit der F\u00fcllung versehen wurden. Paprika gr\u00fcn (Dolma) kann mit oder ohne Fleisch zubereitet werden, und die Zutaten f\u00fcr die F\u00fcllung variieren je nach den K\u00fcchen und Traditionen der verschiedenen L\u00e4nder. In der t\u00fcrkischen K\u00fcche sind zum Beispiel mit Fleisch gef\u00fcllte Paprika gr\u00fcn (Dolma) \u00fcblich, aber auch mit Gem\u00fcse gef\u00fcllte Paprika gr\u00fcn (Dolma) sind \u00fcblich.<\/li>\n<li>N\u00e4hrwert: Dolma-Paprika enth\u00e4lt N\u00e4hrstoffe wie Vitamin C und Ballaststoffe. Je nach Art der F\u00fcllung kann der N\u00e4hrstoffgehalt variieren.<\/li>\n<li>\u00dcbliche Arten von Paprika gr\u00fcn (Dolma): Eine der h\u00e4ufigsten Arten von Dolma, die mit gef\u00fcllten Paprika zubereitet wird, ist als \u201egef\u00fcllte Paprika gr\u00fcn (Dolma)\u201c bekannt. Dar\u00fcber hinaus gibt es verschiedene Arten von Paprika gr\u00fcn (Dolma), wie gef\u00fcllte Bl\u00e4tter, gef\u00fcllten Kohl und gef\u00fcllte Zucchini.<\/li>\n<\/ol>\n<p>Gef\u00fcllte Paprika gr\u00fcn (Dolma) sind eine beliebte Zutat in vielen verschiedenen K\u00fcchen und werden bevorzugt f\u00fcr die Zubereitung von k\u00f6stlichen Gerichten mit einer Vielzahl von F\u00fcllungen f\u00fcr Dolma verwendet. Dolma gilt in vielen L\u00e4ndern als traditionelles Gericht und kann in verschiedenen Geschmacksrichtungen probiert werden.<\/p>\n<p><span style=\"text-decoration: underline; color: #339966;\">(Zertifiziertes Produkt, geerntet unter unserem Qualit\u00e4tskontrollsystem.)<\/span><\/p>\n","protected":false},"featured_media":2659,"template":"","meta":[],"product_brand":[],"product_cat":[122],"product_tag":[],"class_list":{"0":"post-3587","1":"product","2":"type-product","3":"status-publish","4":"has-post-thumbnail","6":"product_cat-paprikasorten","8":"first","9":"instock","10":"shipping-taxable","11":"product-type-simple"},"_links":{"self":[{"href":"https:\/\/onkel.com.tr\/de\/wp-json\/wp\/v2\/product\/3587","targetHints":{"allow":["GET"]}}],"collection":[{"href":"https:\/\/onkel.com.tr\/de\/wp-json\/wp\/v2\/product"}],"about":[{"href":"https:\/\/onkel.com.tr\/de\/wp-json\/wp\/v2\/types\/product"}],"wp:featuredmedia":[{"embeddable":true,"href":"https:\/\/onkel.com.tr\/de\/wp-json\/wp\/v2\/media\/2659"}],"wp:attachment":[{"href":"https:\/\/onkel.com.tr\/de\/wp-json\/wp\/v2\/media?parent=3587"}],"wp:term":[{"taxonomy":"product_brand","embeddable":true,"href":"https:\/\/onkel.com.tr\/de\/wp-json\/wp\/v2\/product_brand?post=3587"},{"taxonomy":"product_cat","embeddable":true,"href":"https:\/\/onkel.com.tr\/de\/wp-json\/wp\/v2\/product_cat?post=3587"},{"taxonomy":"product_tag","embeddable":true,"href":"https:\/\/onkel.com.tr\/de\/wp-json\/wp\/v2\/product_tag?post=3587"}],"curies":[{"name":"wp","href":"https:\/\/api.w.org\/{rel}","templated":true}]}}