{"id":3544,"date":"2023-09-29T16:43:34","date_gmt":"2023-09-29T13:43:34","guid":{"rendered":"https:\/\/onkel.com.tr\/unkategorisiert\/gruene-chilischoten\/"},"modified":"2024-05-16T14:16:29","modified_gmt":"2024-05-16T11:16:29","slug":"gruene-chilischoten","status":"publish","type":"product","link":"https:\/\/onkel.com.tr\/de\/gemuese\/paprikasorten\/gruene-chilischoten\/","title":{"rendered":"Gr\u00fcne Chilischoten"},"content":{"rendered":"<div class=\"periyodikTablo\">\n<table>\n<thead>\n<tr>\n<th class=\"periyodikTabloTitle\" colspan=\"12\">verf\u00fcgbare Jahreszeiten<\/th>\n<\/tr>\n<tr>\n<th>Januar<\/th>\n<th>Februar<\/th>\n<th>M\u00e4rz<\/th>\n<th>April<\/th>\n<th>Mai<\/th>\n<th>Juno<\/th>\n<th>Juli<\/th>\n<th>August<\/th>\n<th>September<\/th>\n<th>Oktober<\/th>\n<th>November<\/th>\n<th>Dezember<\/th>\n<\/tr>\n<\/thead>\n<tbody>\n<tr>\n<td class=\"green\"><\/td>\n<td class=\"green\"><\/td>\n<td class=\"green\"><\/td>\n<td class=\"green\"><\/td>\n<td class=\"green\"><\/td>\n<td class=\"green\"><\/td>\n<td class=\"green\"><\/td>\n<td class=\"green\"><\/td>\n<td class=\"green\"><\/td>\n<td class=\"green\"><\/td>\n<td class=\"green\"><\/td>\n<td class=\"green\"><\/td>\n<\/tr>\n<\/tbody>\n<\/table>\n<\/div>\n<div class=\"productTable\">\n<table><!-- BA\u015eLIK --><\/p>\n<thead>\n<tr>\n<th>Ma\u00dfeinheit<\/th>\n<th><img decoding=\"async\" class=\"\" src=\"\/wp-content\/uploads\/kasa.svg\"> Verpackung<\/th>\n<th><img decoding=\"async\" class=\"\" src=\"\/wp-content\/uploads\/palet.svg\"> Pallete<\/th>\n<\/tr>\n<\/thead>\n<p><!-- BA\u015eLIK--><!-- CONTENT --><\/p>\n<tbody>\n<tr>\n<td class=\"boy\"><\/td>\n<td class=\"ambalaj\">\n<div><strong>Kunststoffkiste<\/strong> 40&#215;60 cm<\/div>\n<div><strong>Pappkarton<\/strong> 40&#215;60 cm<\/div>\n<div><strong>Pappkarton<\/strong> 30&#215;60 cm<\/div>\n<\/td>\n<td class=\"palet\">\n<div><strong>Europalette<\/strong> 80&#215;100 cm<\/div>\n<div><strong>Normale Palette<\/strong> 100&#215;120 cm<\/div>\n<\/td>\n<\/tr>\n<\/tbody>\n<p><!-- CONTENT --><\/table>\n<\/div>\n","protected":false},"excerpt":{"rendered":"<p>Gr\u00fcne Chilischoten ist eine zur Gattung Capsicum annuum geh\u00f6rende Sorte von Chilischoten, die vor allem in Mexiko und im amerikanischen S\u00fcdwesten am Meisten verbreitet sind. Diese Paprikaschoten haben in der Regel eine gr\u00fcne Farbe und k\u00f6nnen je nach Geschmack, Temperatur und Verwendungszweck unter verschiedenen Namen gef\u00fchrt werden. Hier finden Sie weitere Informationen \u00fcber die Gr\u00fcne Chilischote:<\/p>\n<ol>\n<li>Physikalische Merkmale: Gr\u00fcne Chilis sind in der Regel lang, schlank und zylindrisch geformt. Physikalische Merkmale: Gr\u00fcne Chilis sind in der Regel lang, schlank und zylindrisch geformt.<\/li>\n<li>Geschmack und Temperaturniveau: Gr\u00fcne Chilis haben normalerweise eine mittlere Temperatur unter den Chilis. Die Temperaturwerte k\u00f6nnen jedoch je nach Chilisorte variieren. Ihr Geschmack kann leicht bitter und leicht s\u00fc\u00df sein.<\/li>\n<li>Verwendung: Gr\u00fcne Chilis werden in vielen verschiedenen K\u00fcchen verwendet, insbesondere in der mexikanischen K\u00fcche. Sie sind als unverzichtbarer Bestandteil von Salsas, Chili, Tamales und vielen mexikanischen Gerichten bekannt. Sie werden auch zum Grillen, Braten und Sautieren verwendet.<\/li>\n<li>N\u00e4hrwert: Gr\u00fcne Paprikaschoten enthalten N\u00e4hrstoffe wie Vitamin C, Vitamin A und Ballaststoffe. Sie enthalten auch chemische Verbindungen namens Capsaicin, die f\u00fcr die Sch\u00e4rfe der Chilis verantwortlich sind.<\/li>\n<\/ol>\n<p>Gr\u00fcne Chilis sind eine k\u00f6stliche und vielseitige Chilisorte. Diese Paprika ist ein wichtiger Bestandteil der mexikanischen K\u00fcche und wird verwendet, um Gerichte zu w\u00fcrzen und ihnen einen leicht scharfen Geschmack zu verleihen. Sie werden von vielen Menschen bevorzugt, weil ihre Temperaturwerte moderat sind und sie f\u00fcr viele verschiedene Gerichte verwendet werden k\u00f6nnen.<\/p>\n<p><span style=\"text-decoration: underline; color: #339966;\">(Zertifiziertes Produkt, geerntet unter unserem Qualit\u00e4tskontrollsystem.)<\/span><\/p>\n","protected":false},"featured_media":2733,"template":"","meta":[],"product_brand":[],"product_cat":[122],"product_tag":[],"class_list":{"0":"post-3544","1":"product","2":"type-product","3":"status-publish","4":"has-post-thumbnail","6":"product_cat-paprikasorten","8":"first","9":"instock","10":"shipping-taxable","11":"product-type-simple"},"_links":{"self":[{"href":"https:\/\/onkel.com.tr\/de\/wp-json\/wp\/v2\/product\/3544","targetHints":{"allow":["GET"]}}],"collection":[{"href":"https:\/\/onkel.com.tr\/de\/wp-json\/wp\/v2\/product"}],"about":[{"href":"https:\/\/onkel.com.tr\/de\/wp-json\/wp\/v2\/types\/product"}],"wp:featuredmedia":[{"embeddable":true,"href":"https:\/\/onkel.com.tr\/de\/wp-json\/wp\/v2\/media\/2733"}],"wp:attachment":[{"href":"https:\/\/onkel.com.tr\/de\/wp-json\/wp\/v2\/media?parent=3544"}],"wp:term":[{"taxonomy":"product_brand","embeddable":true,"href":"https:\/\/onkel.com.tr\/de\/wp-json\/wp\/v2\/product_brand?post=3544"},{"taxonomy":"product_cat","embeddable":true,"href":"https:\/\/onkel.com.tr\/de\/wp-json\/wp\/v2\/product_cat?post=3544"},{"taxonomy":"product_tag","embeddable":true,"href":"https:\/\/onkel.com.tr\/de\/wp-json\/wp\/v2\/product_tag?post=3544"}],"curies":[{"name":"wp","href":"https:\/\/api.w.org\/{rel}","templated":true}]}}