{"id":3528,"date":"2023-09-18T16:38:37","date_gmt":"2023-09-18T13:38:37","guid":{"rendered":"https:\/\/onkel.com.tr\/unkategorisiert\/wachtelbohne\/"},"modified":"2024-07-23T13:30:46","modified_gmt":"2024-07-23T10:30:46","slug":"wachtelbohne","status":"publish","type":"product","link":"https:\/\/onkel.com.tr\/de\/gemuese\/bohnensorten\/wachtelbohne\/","title":{"rendered":"Wachtelbohne"},"content":{"rendered":"<div class=\"periyodikTablo\">\n<table>\n<thead>\n<tr>\n<th class=\"periyodikTabloTitle\" colspan=\"12\">verf\u00fcgbare Jahreszeiten<\/th>\n<\/tr>\n<tr>\n<th>Januar<\/th>\n<th>Februar<\/th>\n<th>M\u00e4rz<\/th>\n<th>April<\/th>\n<th>Mai<\/th>\n<th>Juno<\/th>\n<th>Juli<\/th>\n<th>August<\/th>\n<th>September<\/th>\n<th>Oktober<\/th>\n<th>November<\/th>\n<th>Dezember<\/th>\n<\/tr>\n<\/thead>\n<tbody>\n<tr>\n<td class=\"green\"><\/td>\n<td class=\"green\"><\/td>\n<td class=\"green\"><\/td>\n<td class=\"green\"><\/td>\n<td class=\"green\"><\/td>\n<td class=\"green\"><\/td>\n<td class=\"green\"><\/td>\n<td class=\"green\"><\/td>\n<td class=\"green\"><\/td>\n<td class=\"green\"><\/td>\n<td class=\"green\"><\/td>\n<td class=\"green\"><\/td>\n<\/tr>\n<\/tbody>\n<\/table>\n<\/div>\n<div class=\"productTable\">\n<table><!-- BA\u015eLIK --><\/p>\n<thead>\n<tr>\n<th>Ma\u00dfeinheit<\/th>\n<th><img decoding=\"async\" class=\"\" src=\"\/wp-content\/uploads\/kasa.svg\"> Verpackung<\/th>\n<\/tr>\n<\/thead>\n<p><!-- BA\u015eLIK--><!-- CONTENT --><\/p>\n<tbody>\n<tr>\n<td class=\"boy\"><\/td>\n<td class=\"ambalaj\">\n<div><strong>Kunststoffkiste<\/strong> 40&#215;60 cm<\/div>\n<\/td>\n<\/tr>\n<\/tbody>\n<p><!-- CONTENT --><\/table>\n<\/div>\n","protected":false},"excerpt":{"rendered":"<p>Die Kidneybohne ist eine H\u00fclsenfrucht, die die gegessenen und gereiften Samen der Pflanze Phaseolus vulgaris enth\u00e4lt. Kidneybohnen sind ein weit verbreitetes und beliebtes Nahrungsmittel in den K\u00fcchen der T\u00fcrkei, Griechenlands, Italiens und anderer Mittelmeerl\u00e4nder. Hier finden Sie weitere Informationen \u00fcber Rotbarben:<\/p>\n<ol>\n<li>Physikalische Eigenschaften: Kidneybohnen sind pflanzliche K\u00f6rner, deren Samen eine kleine, ovale oder runde Form haben. Ihre Farbe ist in der Regel r\u00f6tlich oder violett, einige Sorten k\u00f6nnen aber auch gr\u00fcn oder gelb sein.<\/li>\n<li>Geschmack und Textur: Kidneybohnen haben einen leicht s\u00fc\u00dfen Geschmack und eine fleischige Konsistenz. Sie haben eine weiche und breiige Struktur. Die K\u00f6rner der Kidneybohne entfalten ihren Geschmack noch mehr, wenn sie gekocht werden.<\/li>\n<li>N\u00e4hrwert: Kidneybohnen sind reich an Ballaststoffen, Eiwei\u00df, Eisen, Fols\u00e4ure, Kalium und anderen Vitaminen und Mineralstoffen. Er enth\u00e4lt au\u00dferdem Antioxidantien und kann sich positiv auf die Gesundheit auswirken.<\/li>\n<li>Verzehr: Kidneybohnen werden normalerweise in Mahlzeiten oder Salaten verwendet. Sie kann in vielen verschiedenen Rezepten verwendet werden, z. B. als Kidneybohnengericht, Kidneybohneneintopf oder Kidneybohnenpilaw. Auch Kidneybohnensalat ist eine beliebte mediterrane Delikatesse.<\/li>\n<li>Anbau: Die Kidneybohnenpflanze gedeiht gut in milden Klimazonen und wird in der Regel im Sommer geerntet. Kidneybohnenk\u00f6rner sind die Fruchtteile von Pflanzen, die zur Familie der H\u00fclsenfr\u00fcchte geh\u00f6ren.<\/li>\n<\/ol>\n<p>Kidneybohnen gelten als gesunde Nahrungsquelle und werden vor allem in der mediterranen K\u00fcche h\u00e4ufig verwendet. Aufgrund seines hohen Ballaststoff- und Eiwei\u00dfgehalts sorgt er f\u00fcr ein S\u00e4ttigungsgef\u00fchl und kann ein wichtiger Bestandteil einer gesunden Ern\u00e4hrung sein. Kidneybohnen werden als schmackhafte Zutat in vielen Gerichten verwendet und als reiche N\u00e4hrstoffquelle gesch\u00e4tzt.<\/p>\n","protected":false},"featured_media":2649,"template":"","meta":[],"product_brand":[],"product_cat":[124],"product_tag":[],"class_list":{"0":"post-3528","1":"product","2":"type-product","3":"status-publish","4":"has-post-thumbnail","6":"product_cat-bohnensorten","8":"first","9":"instock","10":"shipping-taxable","11":"product-type-simple"},"_links":{"self":[{"href":"https:\/\/onkel.com.tr\/de\/wp-json\/wp\/v2\/product\/3528","targetHints":{"allow":["GET"]}}],"collection":[{"href":"https:\/\/onkel.com.tr\/de\/wp-json\/wp\/v2\/product"}],"about":[{"href":"https:\/\/onkel.com.tr\/de\/wp-json\/wp\/v2\/types\/product"}],"wp:featuredmedia":[{"embeddable":true,"href":"https:\/\/onkel.com.tr\/de\/wp-json\/wp\/v2\/media\/2649"}],"wp:attachment":[{"href":"https:\/\/onkel.com.tr\/de\/wp-json\/wp\/v2\/media?parent=3528"}],"wp:term":[{"taxonomy":"product_brand","embeddable":true,"href":"https:\/\/onkel.com.tr\/de\/wp-json\/wp\/v2\/product_brand?post=3528"},{"taxonomy":"product_cat","embeddable":true,"href":"https:\/\/onkel.com.tr\/de\/wp-json\/wp\/v2\/product_cat?post=3528"},{"taxonomy":"product_tag","embeddable":true,"href":"https:\/\/onkel.com.tr\/de\/wp-json\/wp\/v2\/product_tag?post=3528"}],"curies":[{"name":"wp","href":"https:\/\/api.w.org\/{rel}","templated":true}]}}