{"id":3521,"date":"2023-09-26T16:42:58","date_gmt":"2023-09-26T13:42:58","guid":{"rendered":"https:\/\/onkel.com.tr\/unkategorisiert\/tuerkische-honigmelone\/"},"modified":"2024-05-16T14:18:24","modified_gmt":"2024-05-16T11:18:24","slug":"tuerkische-honigmelone","status":"publish","type":"product","link":"https:\/\/onkel.com.tr\/de\/fruechte-de\/melonensorten\/tuerkische-honigmelone\/","title":{"rendered":"t\u00fcrkische Honigmelone"},"content":{"rendered":"<div class=\"periyodikTablo\">\n<table>\n<thead>\n<tr>\n<th class=\"periyodikTabloTitle\" colspan=\"12\">verf\u00fcgbare Jahreszeiten<\/th>\n<\/tr>\n<tr>\n<th>Januar<\/th>\n<th>Februar<\/th>\n<th>M\u00e4rz<\/th>\n<th>April<\/th>\n<th>Mai<\/th>\n<th>Juno<\/th>\n<th>Juli<\/th>\n<th>August<\/th>\n<th>September<\/th>\n<th>Oktober<\/th>\n<th>November<\/th>\n<th>Dezember<\/th>\n<\/tr>\n<\/thead>\n<tbody>\n<tr>\n<td class=\"green\"><\/td>\n<td class=\"green\"><\/td>\n<td class=\"green\"><\/td>\n<td class=\"green\"><\/td>\n<td class=\"green\"><\/td>\n<td class=\"green\"><\/td>\n<td class=\"green\"><\/td>\n<td class=\"green\"><\/td>\n<td class=\"green\"><\/td>\n<td class=\"green\"><\/td>\n<td class=\"green\"><\/td>\n<td class=\"green\"><\/td>\n<\/tr>\n<\/tbody>\n<\/table>\n<\/div>\n<div class=\"productTable\">\n<table><!-- BA\u015eLIK --><\/p>\n<thead>\n<tr>\n<th>Ma\u00dfeinheit<\/th>\n<th><img decoding=\"async\" class=\"\" src=\"\/wp-content\/uploads\/kasa.svg\"> Verpackung<\/th>\n<\/tr>\n<\/thead>\n<p><!-- BA\u015eLIK--><!-- CONTENT --><\/p>\n<tbody>\n<tr>\n<td class=\"boy\"><\/td>\n<td class=\"ambalaj\">\n<div><strong>Holzkiste<\/strong> 40&#215;60 cm<\/div>\n<\/td>\n<\/tr>\n<\/tbody>\n<p><!-- CONTENT --><\/table>\n<\/div>\n","protected":false},"excerpt":{"rendered":"<p>Die K\u0131rka\u011fa\u00e7-Melone ist eine Melonensorte, die nach dem Bezirk K\u0131rka\u011fa\u00e7 in der T\u00fcrkei benannt ist und speziell in dieser Region angebaut wird. Die K\u0131rka\u011fa\u00e7-Melone ist eine Melonensorte, die nach dem Bezirk K\u0131rka\u011fa\u00e7 in der T\u00fcrkei benannt ist und speziell in dieser Region angebaut wird. Hier finden Sie weitere Informationen \u00fcber die K\u0131rka\u011fa\u00e7-Melone:<\/p>\n<ol>\n<li>Physikalische Eigenschaften: K\u0131rka\u011fa\u00e7-Melonen haben im Allgemeinen eine gr\u00fcne Schale, gelbes Fruchtfleisch und einen s\u00fc\u00dfen Geschmack. Die Schalen sind feink\u00f6rnig und glatt. Das Innere hat ein s\u00fc\u00dfes, saftiges und duftendes Fruchtfleisch.<\/li>\n<li>Geschmack und Textur: K\u0131rka\u011fa\u00e7-Melonen haben einen s\u00fc\u00dfen und aromatischen Geschmack. Der fleischige Teil ist sehr saftig und zart. Das Fruchtfleisch der Melone kann eine gelbe oder orange Farbe haben.<\/li>\n<li>N\u00e4hrwert: K\u0131rka\u011fa\u00e7-Melonen enthalten N\u00e4hrstoffe wie Vitamin C, Vitamin A, Ballaststoffe und Kalium. Sie k\u00f6nnen auch reich an Antioxidantien und sekund\u00e4ren Pflanzenstoffen sein.<\/li>\n<li>Verzehr K\u0131rka\u011fa\u00e7-Melonen werden im Allgemeinen frisch, in Scheiben geschnitten oder gehackt verzehrt. Sie ist besonders im Sommer als erfrischende Frucht beliebt. Er wird auch in Obstsalaten, Obsttellern oder Desserts verwendet.<\/li>\n<li>Kultivierung K\u0131rka\u011fa\u00e7-Melonenpflanzen bevorzugen ein warmes und sonniges Klima. Der Bezirk K\u0131rka\u011fa\u00e7 in der T\u00fcrkei ist das Hauptanbaugebiet f\u00fcr diese Melone. Die Samen werden in der Regel im Fr\u00fchjahr ausges\u00e4t und die Fr\u00fcchte reifen im Sommer.<\/li>\n<\/ol>\n<p>Die K\u0131rka\u011fa\u00e7-Melone ist f\u00fcr ihren k\u00f6stlichen Geschmack und ihren intensiven Geruch bekannt. Er ist vor allem in der \u00c4g\u00e4isregion der T\u00fcrkei ber\u00fchmt und hat in dieser Region einen besonderen Geschmack. K\u0131rka\u011fa\u00e7-Melonen werden im Sommer oft bevorzugt, weil sie s\u00fc\u00df und erfrischend sind. Auch in Bezug auf ihren N\u00e4hrwert ist sie eine n\u00fctzliche Fruchtart.<\/p>\n","protected":false},"featured_media":2675,"template":"","meta":[],"product_brand":[],"product_cat":[111],"product_tag":[],"class_list":{"0":"post-3521","1":"product","2":"type-product","3":"status-publish","4":"has-post-thumbnail","6":"product_cat-melonensorten","8":"first","9":"instock","10":"shipping-taxable","11":"product-type-simple"},"_links":{"self":[{"href":"https:\/\/onkel.com.tr\/de\/wp-json\/wp\/v2\/product\/3521","targetHints":{"allow":["GET"]}}],"collection":[{"href":"https:\/\/onkel.com.tr\/de\/wp-json\/wp\/v2\/product"}],"about":[{"href":"https:\/\/onkel.com.tr\/de\/wp-json\/wp\/v2\/types\/product"}],"wp:featuredmedia":[{"embeddable":true,"href":"https:\/\/onkel.com.tr\/de\/wp-json\/wp\/v2\/media\/2675"}],"wp:attachment":[{"href":"https:\/\/onkel.com.tr\/de\/wp-json\/wp\/v2\/media?parent=3521"}],"wp:term":[{"taxonomy":"product_brand","embeddable":true,"href":"https:\/\/onkel.com.tr\/de\/wp-json\/wp\/v2\/product_brand?post=3521"},{"taxonomy":"product_cat","embeddable":true,"href":"https:\/\/onkel.com.tr\/de\/wp-json\/wp\/v2\/product_cat?post=3521"},{"taxonomy":"product_tag","embeddable":true,"href":"https:\/\/onkel.com.tr\/de\/wp-json\/wp\/v2\/product_tag?post=3521"}],"curies":[{"name":"wp","href":"https:\/\/api.w.org\/{rel}","templated":true}]}}