{"id":3520,"date":"2023-09-26T16:43:48","date_gmt":"2023-09-26T13:43:48","guid":{"rendered":"https:\/\/onkel.com.tr\/unkategorisiert\/galiamelone\/"},"modified":"2024-05-16T14:18:21","modified_gmt":"2024-05-16T11:18:21","slug":"galiamelone","status":"publish","type":"product","link":"https:\/\/onkel.com.tr\/de\/fruechte-de\/melonensorten\/galiamelone\/","title":{"rendered":"Galiamelone"},"content":{"rendered":"<div class=\"periyodikTablo\">\n<table>\n<thead>\n<tr>\n<th class=\"periyodikTabloTitle\" colspan=\"12\">verf\u00fcgbare Jahreszeiten<\/th>\n<\/tr>\n<tr>\n<th>Januar<\/th>\n<th>Februar<\/th>\n<th>M\u00e4rz<\/th>\n<th>April<\/th>\n<th>Mai<\/th>\n<th>Juno<\/th>\n<th>Juli<\/th>\n<th>August<\/th>\n<th>September<\/th>\n<th>Oktober<\/th>\n<th>November<\/th>\n<th>Dezember<\/th>\n<\/tr>\n<\/thead>\n<tbody>\n<tr>\n<td class=\"green\"><\/td>\n<td class=\"green\"><\/td>\n<td class=\"green\"><\/td>\n<td class=\"green\"><\/td>\n<td class=\"green\"><\/td>\n<td class=\"green\"><\/td>\n<td class=\"green\"><\/td>\n<td class=\"green\"><\/td>\n<td class=\"green\"><\/td>\n<td class=\"green\"><\/td>\n<td class=\"green\"><\/td>\n<td class=\"green\"><\/td>\n<\/tr>\n<\/tbody>\n<\/table>\n<\/div>\n<div class=\"productTable\">\n<table><!-- BA\u015eLIK --><\/p>\n<thead>\n<tr>\n<th>Ma\u00dfeinheit<\/th>\n<th><img decoding=\"async\" class=\"\" src=\"\/wp-content\/uploads\/kasa.svg\"> Verpackung<\/th>\n<\/tr>\n<\/thead>\n<p><!-- BA\u015eLIK--><!-- CONTENT --><\/p>\n<tbody>\n<tr>\n<td class=\"boy\"><\/td>\n<td class=\"ambalaj\">\n<div><strong>Holzkiste<\/strong> 40&#215;60 cm<\/div>\n<\/td>\n<\/tr>\n<\/tbody>\n<p><!-- CONTENT --><\/table>\n<\/div>\n","protected":false},"excerpt":{"rendered":"<p>Die Galiamelone ist ein Typ der Zuckermelone. Diese Melonensorte hat in der Regel eine gr\u00fcne Schale, gelbes Fruchtfleisch und einen s\u00fc\u00dfen Inhalt. Hier finden Sie weitere Informationen \u00fcber die Galia-Melone:<\/p>\n<ol>\n<li>Physikalische Merkmale: Galia-Melonen haben in der Regel eine gr\u00fcne Schale und eine gelbliche Farbe auf der Au\u00dfenseite. Ihre Schalen haben eine feink\u00f6rnige und haarige Struktur. Das Innere hat ein s\u00fc\u00dfes und saftiges Fruchtfleisch.<\/li>\n<li>Geschmack und Textur: Galia-Melonen haben einen s\u00fc\u00dfen und angenehmen Geschmack. Der fleischige Teil ist sehr saftig und weich. Au\u00dferdem ist das Fruchtfleisch der Melone in der Regel wei\u00df oder gelb gef\u00e4rbt.<\/li>\n<li>N\u00e4hrwert: Galia-Melonen enthalten N\u00e4hrstoffe wie Vitamin C, Vitamin A, Ballaststoffe und Kalium. Sie k\u00f6nnen auch reich an Antioxidantien sein.<\/li>\n<li>Verzehr Galia-Melonen werden in der Regel frisch, in Scheiben geschnitten oder gehackt verzehrt. Aufgrund ihrer s\u00fc\u00dfen und saftigen Struktur ist sie als erfrischende Frucht im Sommer beliebt. Er wird auch in Obstsalaten, Obsttellern oder Desserts verwendet.<\/li>\n<li>Kultivierung: Galia-Melonenpflanzen bevorzugen ein warmes und sonniges Klima. Die Samen werden in der Regel im Fr\u00fchjahr ausges\u00e4t und die Fr\u00fcchte reifen im Sommer.<\/li>\n<\/ol>\n<p>Galia-Melonen sind als k\u00f6stliche und erfrischende Frucht bekannt. Sie werden vor allem im Sommer verzehrt und sind f\u00fcr ihren s\u00fc\u00dfen Geschmack bekannt. Sie sind auch eine nahrhafte Frucht und enthalten Vitamine wie Vitamin C und Ballaststoffe. Sie k\u00f6nnen daher im Rahmen einer gesunden Ern\u00e4hrung verzehrt werden.<\/p>\n","protected":false},"featured_media":2663,"template":"","meta":[],"product_brand":[],"product_cat":[111],"product_tag":[],"class_list":{"0":"post-3520","1":"product","2":"type-product","3":"status-publish","4":"has-post-thumbnail","6":"product_cat-melonensorten","8":"first","9":"instock","10":"shipping-taxable","11":"product-type-simple"},"_links":{"self":[{"href":"https:\/\/onkel.com.tr\/de\/wp-json\/wp\/v2\/product\/3520","targetHints":{"allow":["GET"]}}],"collection":[{"href":"https:\/\/onkel.com.tr\/de\/wp-json\/wp\/v2\/product"}],"about":[{"href":"https:\/\/onkel.com.tr\/de\/wp-json\/wp\/v2\/types\/product"}],"wp:featuredmedia":[{"embeddable":true,"href":"https:\/\/onkel.com.tr\/de\/wp-json\/wp\/v2\/media\/2663"}],"wp:attachment":[{"href":"https:\/\/onkel.com.tr\/de\/wp-json\/wp\/v2\/media?parent=3520"}],"wp:term":[{"taxonomy":"product_brand","embeddable":true,"href":"https:\/\/onkel.com.tr\/de\/wp-json\/wp\/v2\/product_brand?post=3520"},{"taxonomy":"product_cat","embeddable":true,"href":"https:\/\/onkel.com.tr\/de\/wp-json\/wp\/v2\/product_cat?post=3520"},{"taxonomy":"product_tag","embeddable":true,"href":"https:\/\/onkel.com.tr\/de\/wp-json\/wp\/v2\/product_tag?post=3520"}],"curies":[{"name":"wp","href":"https:\/\/api.w.org\/{rel}","templated":true}]}}