{"id":3519,"date":"2023-09-29T16:47:46","date_gmt":"2023-09-29T13:47:46","guid":{"rendered":"https:\/\/onkel.com.tr\/unkategorisiert\/santa-maria-birne\/"},"modified":"2024-05-16T14:16:07","modified_gmt":"2024-05-16T11:16:07","slug":"santa-maria-birne","status":"publish","type":"product","link":"https:\/\/onkel.com.tr\/de\/fruechte-de\/birnensorten\/santa-maria-birne\/","title":{"rendered":"Santa Maria Birne"},"content":{"rendered":"<div class=\"periyodikTablo\">\n<table>\n<thead>\n<tr>\n<th class=\"periyodikTabloTitle\" colspan=\"12\">verf\u00fcgbare Jahreszeiten<\/th>\n<\/tr>\n<tr>\n<th>Januar<\/th>\n<th>Februar<\/th>\n<th>M\u00e4rz<\/th>\n<th>April<\/th>\n<th>Mai<\/th>\n<th>Juno<\/th>\n<th>Juli<\/th>\n<th>August<\/th>\n<th>September<\/th>\n<th>Oktober<\/th>\n<th>November<\/th>\n<th>Dezember<\/th>\n<\/tr>\n<\/thead>\n<tbody>\n<tr>\n<td class=\"green\"><\/td>\n<td class=\"green\"><\/td>\n<td class=\"green\"><\/td>\n<td class=\"\"><\/td>\n<td class=\"\"><\/td>\n<td class=\"\"><\/td>\n<td class=\"green\"><\/td>\n<td class=\"green\"><\/td>\n<td class=\"green\"><\/td>\n<td class=\"green\"><\/td>\n<td class=\"green\"><\/td>\n<td class=\"green\"><\/td>\n<\/tr>\n<\/tbody>\n<\/table>\n<\/div>\n<div class=\"productTable\">\n<table><!-- BA\u015eLIK --><\/p>\n<thead>\n<tr>\n<th>Ma\u00dfeinheit<\/th>\n<th><img decoding=\"async\" class=\"\" src=\"\/wp-content\/uploads\/kasa.svg\"> Verpackung<\/th>\n<th><img decoding=\"async\" class=\"\" src=\"\/wp-content\/uploads\/palet.svg\"> Pallete<\/th>\n<\/tr>\n<\/thead>\n<p><!-- BA\u015eLIK--><!-- CONTENT --><\/p>\n<tbody>\n<tr>\n<td class=\"boy\">14<br \/>\n16<br \/>\n18<br \/>\n20<br \/>\nSchaale im Karton<\/td>\n<td class=\"ambalaj\">\n<div><strong>Holzkiste<\/strong><\/div>\n<div><strong>Kunststoffkoffer<\/strong><\/div>\n<div>Durchschnittlich 4kg<\/div>\n<\/td>\n<td class=\"palet\">\n<div><strong>Europalette<\/strong> 80&#215;100 cm<\/div>\n<div><strong>Normale Palette<\/strong> 100&#215;120 cm<\/div>\n<\/td>\n<\/tr>\n<\/tbody>\n<p><!-- CONTENT --><\/table>\n<\/div>\n","protected":false},"excerpt":{"rendered":"<p>Die Santa-Maria-Birne ist eine Birnensorte, die zur Gattung Prunus domestica geh\u00f6rt und haupts\u00e4chlich in Spanien angebaut wird. Diese Birnensorte hat einen s\u00fc\u00dfen und saftigen Geschmack. Weitere Informationen \u00fcber die Santa-Maria-Birne:<\/p>\n<ol>\n<li>Physikalische Merkmale: Die Santa-Maria-Birne ist in der Regel mittelgro\u00df und spitz zulaufend. Die Schale kann eine gr\u00fcnlich-gelbe Farbe haben. Der fleischige Teil ist wei\u00df und s\u00fc\u00df.<\/li>\n<li>Geschmack und Textur: Santa-Maria-Birnen haben einen s\u00fc\u00dfen und saftigen Geschmack. Da der fleischige Teil weich und saftig ist, werden sie vorzugsweise frisch verzehrt.<\/li>\n<li>Sorten Santa-Maria-Birnen k\u00f6nnen verschiedene Varianten und Sorten haben, die sich jedoch in der Regel in ihrem Aussehen \u00e4hneln.<\/li>\n<li>N\u00e4hrwert: Santa-Maria-Birnen k\u00f6nnen viele N\u00e4hrstoffe wie Vitamin C, Vitamin A, Ballaststoffe und Kalium enthalten. Diese k\u00f6nnen im Rahmen einer gesunden Ern\u00e4hrung von Vorteil sein.<\/li>\n<li>Verzehr: Santa-Maria-Birnen werden in der Regel frisch, in Scheiben geschnitten oder zu S\u00fc\u00dfspeisen verarbeitet. Sie werden auch bei der Herstellung von Marmelade bevorzugt.<\/li>\n<li>Anbau: Santa-Maria-Birnenb\u00e4ume gedeihen gut in warmen und milden Klimazonen. Die Fr\u00fcchte reifen im Sommer und werden geerntet.<\/li>\n<\/ol>\n<p>Santa-Maria-Birnen sind wegen ihres k\u00f6stlichen Geschmacks und ihres N\u00e4hrwerts eine beliebte Obstsorte. Sie werden auch f\u00fcr die Zubereitung von Desserts und f\u00fcr den Frischverzehr verwendet. Die Santa-Maria-Birne ist hierzulande weit verbreitet, zumal sie in Spanien angebaut und konsumiert wird.<\/p>\n<p><strong>ERZEUGUNGSGEBIET : BURSA \/ TURKEY<\/strong><\/p>\n","protected":false},"featured_media":2619,"template":"","meta":[],"product_brand":[],"product_cat":[105],"product_tag":[],"class_list":{"0":"post-3519","1":"product","2":"type-product","3":"status-publish","4":"has-post-thumbnail","6":"product_cat-birnensorten","8":"first","9":"instock","10":"shipping-taxable","11":"product-type-simple"},"_links":{"self":[{"href":"https:\/\/onkel.com.tr\/de\/wp-json\/wp\/v2\/product\/3519","targetHints":{"allow":["GET"]}}],"collection":[{"href":"https:\/\/onkel.com.tr\/de\/wp-json\/wp\/v2\/product"}],"about":[{"href":"https:\/\/onkel.com.tr\/de\/wp-json\/wp\/v2\/types\/product"}],"wp:featuredmedia":[{"embeddable":true,"href":"https:\/\/onkel.com.tr\/de\/wp-json\/wp\/v2\/media\/2619"}],"wp:attachment":[{"href":"https:\/\/onkel.com.tr\/de\/wp-json\/wp\/v2\/media?parent=3519"}],"wp:term":[{"taxonomy":"product_brand","embeddable":true,"href":"https:\/\/onkel.com.tr\/de\/wp-json\/wp\/v2\/product_brand?post=3519"},{"taxonomy":"product_cat","embeddable":true,"href":"https:\/\/onkel.com.tr\/de\/wp-json\/wp\/v2\/product_cat?post=3519"},{"taxonomy":"product_tag","embeddable":true,"href":"https:\/\/onkel.com.tr\/de\/wp-json\/wp\/v2\/product_tag?post=3519"}],"curies":[{"name":"wp","href":"https:\/\/api.w.org\/{rel}","templated":true}]}}