{"id":3518,"date":"2023-09-29T16:48:05","date_gmt":"2023-09-29T13:48:05","guid":{"rendered":"https:\/\/onkel.com.tr\/unkategorisiert\/deveci-birne\/"},"modified":"2024-05-16T14:16:14","modified_gmt":"2024-05-16T11:16:14","slug":"deveci-birne","status":"publish","type":"product","link":"https:\/\/onkel.com.tr\/de\/fruechte-de\/birnensorten\/deveci-birne\/","title":{"rendered":"Deveci-Birne"},"content":{"rendered":"<div class=\"periyodikTablo\">\n<table>\n<thead>\n<tr>\n<th class=\"periyodikTabloTitle\" colspan=\"12\">verf\u00fcgbare Jahreszeiten<\/th>\n<\/tr>\n<tr>\n<th>Januar<\/th>\n<th>Februar<\/th>\n<th>M\u00e4rz<\/th>\n<th>April<\/th>\n<th>Mai<\/th>\n<th>Juno<\/th>\n<th>Juli<\/th>\n<th>August<\/th>\n<th>September<\/th>\n<th>Oktober<\/th>\n<th>November<\/th>\n<th>Dezember<\/th>\n<\/tr>\n<\/thead>\n<tbody>\n<tr>\n<td class=\"green\"><\/td>\n<td class=\"green\"><\/td>\n<td class=\"green\"><\/td>\n<td class=\"\"><\/td>\n<td class=\"\"><\/td>\n<td class=\"\"><\/td>\n<td class=\"green\"><\/td>\n<td class=\"green\"><\/td>\n<td class=\"green\"><\/td>\n<td class=\"green\"><\/td>\n<td class=\"green\"><\/td>\n<td class=\"green\"><\/td>\n<\/tr>\n<\/tbody>\n<\/table>\n<\/div>\n<div class=\"productTable\">\n<table><!-- BA\u015eLIK --><\/p>\n<thead>\n<tr>\n<th>Ma\u00dfeinheit<\/th>\n<th><img decoding=\"async\" class=\"\" src=\"\/wp-content\/uploads\/kasa.svg\"> Verpackung<\/th>\n<th><img decoding=\"async\" class=\"\" src=\"\/wp-content\/uploads\/palet.svg\"> Pallete<\/th>\n<\/tr>\n<\/thead>\n<p><!-- BA\u015eLIK--><!-- CONTENT --><\/p>\n<tbody>\n<tr>\n<td class=\"boy\">12<br \/>\n14<br \/>\n16<br \/>\n18<br \/>\nSchaale im Karton<\/td>\n<td class=\"ambalaj\">\n<div><strong>Holzkiste<\/strong><\/div>\n<div><strong>Kunststoffkoffer<\/strong><\/div>\n<div>Durchschnittlich 5kg<\/div>\n<\/td>\n<td class=\"palet\">\n<div><strong>Europalette<\/strong> 80&#215;100 cm<\/div>\n<div><strong>Normale Palette<\/strong> 100&#215;120 cm<\/div>\n<\/td>\n<\/tr>\n<\/tbody>\n<p><!-- CONTENT --><\/table>\n<\/div>\n<p>&nbsp;<\/p>\n","protected":false},"excerpt":{"rendered":"<p>Deveci birne, w\u00f6rtlich \u00fcbersetzt ist es die Kamelbirne Diese Birnensorte hat eine l\u00e4ngliche und schmale Form und wird manchmal auch \u201eWeinbirne\u201c genannt. Hier finden Sie weitere Informationen \u00fcber die Birne:<\/p>\n<ol>\n<li>Physikalische Merkmale: Die Birne hat eine lange und schlanke Form. Die Schale ist in der Regel gelb und glatt. Der fleischige Teil ist wei\u00df und hat einen s\u00fc\u00dfen Geschmack.<\/li>\n<li>Geschmack und Textur: Birne haben einen s\u00fc\u00dfen und saftigen Geschmack. Da der fleischige Teil weich und saftig ist, wird er frisch verzehrt und auch f\u00fcr die Herstellung von Marmelade, Kompott und Desserts verwendet.<\/li>\n<li>Sorten Es gibt verschiedene Varianten und Sorten von Birne, aber sie haben in der Regel eine lange und schmale Form.<\/li>\n<li>N\u00e4hrwert: Birne k\u00f6nnen viele N\u00e4hrstoffe wie Vitamin C, Vitamin A, Ballaststoffe und Kalium enthalten. Diese k\u00f6nnen im Rahmen einer gesunden Ern\u00e4hrung von Vorteil sein.<\/li>\n<li>Verzehr: Birne werden in der Regel frisch aufgeschnitten oder f\u00fcr Desserts verwendet. Sie werden auch bei der Herstellung von Marmelade bevorzugt.<\/li>\n<li>Anbau: Birne wachsen in mildem Klima und auf gut durchl\u00e4ssigen B\u00f6den. Die Fr\u00fcchte reifen im Sommer und werden geerntet.<\/li>\n<\/ol>\n<p>Birne sind f\u00fcr ihren s\u00fc\u00dfen und saftigen Geschmack bekannt und werden besonders gerne f\u00fcr die Zubereitung von Desserts und zum Frischverzehr verwendet. Auch gesundheitlich ist sie eine nahrhafte Fruchtart.<\/p>\n<p><strong>ERZEUGUNGSGEBIET : BURSA \/ TURKEY<\/strong><\/p>\n","protected":false},"featured_media":2657,"template":"","meta":[],"product_brand":[],"product_cat":[105],"product_tag":[],"class_list":{"0":"post-3518","1":"product","2":"type-product","3":"status-publish","4":"has-post-thumbnail","6":"product_cat-birnensorten","8":"first","9":"instock","10":"shipping-taxable","11":"product-type-simple"},"_links":{"self":[{"href":"https:\/\/onkel.com.tr\/de\/wp-json\/wp\/v2\/product\/3518","targetHints":{"allow":["GET"]}}],"collection":[{"href":"https:\/\/onkel.com.tr\/de\/wp-json\/wp\/v2\/product"}],"about":[{"href":"https:\/\/onkel.com.tr\/de\/wp-json\/wp\/v2\/types\/product"}],"wp:featuredmedia":[{"embeddable":true,"href":"https:\/\/onkel.com.tr\/de\/wp-json\/wp\/v2\/media\/2657"}],"wp:attachment":[{"href":"https:\/\/onkel.com.tr\/de\/wp-json\/wp\/v2\/media?parent=3518"}],"wp:term":[{"taxonomy":"product_brand","embeddable":true,"href":"https:\/\/onkel.com.tr\/de\/wp-json\/wp\/v2\/product_brand?post=3518"},{"taxonomy":"product_cat","embeddable":true,"href":"https:\/\/onkel.com.tr\/de\/wp-json\/wp\/v2\/product_cat?post=3518"},{"taxonomy":"product_tag","embeddable":true,"href":"https:\/\/onkel.com.tr\/de\/wp-json\/wp\/v2\/product_tag?post=3518"}],"curies":[{"name":"wp","href":"https:\/\/api.w.org\/{rel}","templated":true}]}}