{"id":3517,"date":"2023-09-27T16:48:22","date_gmt":"2023-09-27T13:48:22","guid":{"rendered":"https:\/\/onkel.com.tr\/unkategorisiert\/pfirsich\/"},"modified":"2024-05-16T14:18:33","modified_gmt":"2024-05-16T11:18:33","slug":"pfirsich","status":"publish","type":"product","link":"https:\/\/onkel.com.tr\/de\/fruechte-de\/pfirsichsorten\/pfirsich\/","title":{"rendered":"Pfirsich"},"content":{"rendered":"<div class=\"periyodikTablo\">\n<table>\n<thead>\n<tr>\n<th class=\"periyodikTabloTitle\" colspan=\"12\">verf\u00fcgbare Jahreszeiten<\/th>\n<\/tr>\n<tr>\n<th>Januar<\/th>\n<th>Februar<\/th>\n<th>M\u00e4rz<\/th>\n<th>April<\/th>\n<th>Mai<\/th>\n<th>Juno<\/th>\n<th>Juli<\/th>\n<th>August<\/th>\n<th>September<\/th>\n<th>Oktober<\/th>\n<th>November<\/th>\n<th>Dezember<\/th>\n<\/tr>\n<\/thead>\n<tbody>\n<tr>\n<td class=\"\"><\/td>\n<td class=\"\"><\/td>\n<td class=\"\"><\/td>\n<td class=\"green\"><\/td>\n<td class=\"green\"><\/td>\n<td class=\"green\"><\/td>\n<td class=\"green\"><\/td>\n<td class=\"green\"><\/td>\n<td class=\"green\"><\/td>\n<td class=\"\"><\/td>\n<td class=\"\"><\/td>\n<td class=\"\"><\/td>\n<\/tr>\n<\/tbody>\n<\/table>\n<\/div>\n<div class=\"productTable\">\n<table><!-- BA\u015eLIK --><\/p>\n<thead>\n<tr>\n<th>Ma\u00dfeinheit<\/th>\n<th><img decoding=\"async\" class=\"\" src=\"\/wp-content\/uploads\/kasa.svg\"> Verpackung<\/th>\n<th><img decoding=\"async\" class=\"\" src=\"\/wp-content\/uploads\/palet.svg\"> Pallete<\/th>\n<\/tr>\n<\/thead>\n<p><!-- BA\u015eLIK--><!-- CONTENT --><\/p>\n<tbody>\n<tr>\n<td class=\"boy\">9<br \/>\n12<br \/>\n14<br \/>\n16<br \/>\n18<br \/>\n20<br \/>\nSchaale im Karton<\/td>\n<td class=\"ambalaj\">\n<div><strong>Kunststoffkoffer<\/strong><\/div>\n<div><strong>Holzkiste<\/strong><\/div>\n<div>Durchschnittlich 4kg<\/div>\n<\/td>\n<td class=\"palet\">\n<div><strong>Europalette<\/strong> 80&#215;100 cm<\/div>\n<div><strong>Normale Palette<\/strong> 100&#215;120 cm<\/div>\n<\/td>\n<\/tr>\n<\/tbody>\n<p><!-- CONTENT --><\/table>\n<\/div>\n","protected":false},"excerpt":{"rendered":"<p>Der Pfirsich (Prunus persica) ist ein Obstbaum und eine Obstart aus der Familie der Rosengew\u00e4chse. Der Pfirsich ist eine meist runde oder ovale Frucht mit einem s\u00fc\u00dfen und saftigen Geschmack. Hier finden Sie weitere Informationen \u00fcber Pfirsiche:<\/p>\n<ol>\n<li>Physikalische Eigenschaften: Die Au\u00dfenhaut der Pfirsichfrucht ist in der Regel rau und haarig. Ihre Farbe kann sich mit zunehmender Reife von gelb zu rosa oder orange ver\u00e4ndern. Das Innere hat ein s\u00fc\u00dfes und saftiges Fruchtfleisch und enth\u00e4lt meist Samen.<\/li>\n<li>Geschmack und Textur: Der Pfirsich hat einen s\u00fc\u00dfen und angenehmen Geschmack. Der fleischige Teil ist saftig und zart, so dass er frisch verzehrt oder f\u00fcr Obstsalate, Desserts und Getr\u00e4nke verwendet wird.<\/li>\n<li>Sorten Pfirsiche gibt es in verschiedenen Sorten, die sich in Gr\u00f6\u00dfe, Hautfarbe und Geschmack unterscheiden k\u00f6nnen. So gibt es zum Beispiel Sorten wie den wei\u00dfen Pfirsich und den gelben Pfirsich.<\/li>\n<li>N\u00e4hrwert: Pfirsich ist ein kalorienarmes Obst und enth\u00e4lt N\u00e4hrstoffe wie Vitamin C, Vitamin A, Kalium und Ballaststoffe. Er kann auch Antioxidantien und sekund\u00e4re Pflanzenstoffe enthalten. Der Ballaststoffgehalt kann zur Gesundheit der Verdauung beitragen.<\/li>\n<li>Verzehr: Pfirsiche werden in der Regel frisch aufgeschnitten oder gesch\u00e4lt verzehrt. Sie wird auch in Obstsalaten, Eis, Konfit\u00fcren oder Desserts verwendet. Auch Pfirsichsaft ist ein beliebtes Getr\u00e4nk.<\/li>\n<li>Anbau: Pfirsichb\u00e4ume gedeihen in mildem Klima und auf gut durchl\u00e4ssigen B\u00f6den. Die Fr\u00fcchte reifen normalerweise im Sommer und werden geerntet.<\/li>\n<\/ol>\n<p>Pfirsich ist eine Obstsorte, die von vielen Menschen wegen ihres k\u00f6stlichen Geschmacks und ihres erfrischenden Wassergehalts geliebt wird. Sie kann sowohl frisch verzehrt als auch in Desserts und Getr\u00e4nken verwendet werden. Sie gilt auch als nahrhafte Frucht, was die Gesundheit betrifft.<\/p>\n<p><strong>REGION DER PRODUKTION: MERS\u0130N &amp; BURSA \/ TURKEY<\/strong><\/p>\n","protected":false},"featured_media":2629,"template":"","meta":[],"product_brand":[],"product_cat":[119],"product_tag":[],"class_list":{"0":"post-3517","1":"product","2":"type-product","3":"status-publish","4":"has-post-thumbnail","6":"product_cat-pfirsichsorten","8":"first","9":"instock","10":"shipping-taxable","11":"product-type-simple"},"_links":{"self":[{"href":"https:\/\/onkel.com.tr\/de\/wp-json\/wp\/v2\/product\/3517","targetHints":{"allow":["GET"]}}],"collection":[{"href":"https:\/\/onkel.com.tr\/de\/wp-json\/wp\/v2\/product"}],"about":[{"href":"https:\/\/onkel.com.tr\/de\/wp-json\/wp\/v2\/types\/product"}],"wp:featuredmedia":[{"embeddable":true,"href":"https:\/\/onkel.com.tr\/de\/wp-json\/wp\/v2\/media\/2629"}],"wp:attachment":[{"href":"https:\/\/onkel.com.tr\/de\/wp-json\/wp\/v2\/media?parent=3517"}],"wp:term":[{"taxonomy":"product_brand","embeddable":true,"href":"https:\/\/onkel.com.tr\/de\/wp-json\/wp\/v2\/product_brand?post=3517"},{"taxonomy":"product_cat","embeddable":true,"href":"https:\/\/onkel.com.tr\/de\/wp-json\/wp\/v2\/product_cat?post=3517"},{"taxonomy":"product_tag","embeddable":true,"href":"https:\/\/onkel.com.tr\/de\/wp-json\/wp\/v2\/product_tag?post=3517"}],"curies":[{"name":"wp","href":"https:\/\/api.w.org\/{rel}","templated":true}]}}