{"id":3516,"date":"2023-09-27T16:48:41","date_gmt":"2023-09-27T13:48:41","guid":{"rendered":"https:\/\/onkel.com.tr\/unkategorisiert\/nektarine\/"},"modified":"2024-05-16T14:18:27","modified_gmt":"2024-05-16T11:18:27","slug":"nektarine","status":"publish","type":"product","link":"https:\/\/onkel.com.tr\/de\/fruechte-de\/pfirsichsorten\/nektarine\/","title":{"rendered":"Nektarine"},"content":{"rendered":"<div class=\"periyodikTablo\">\n<table>\n<thead>\n<tr>\n<th class=\"periyodikTabloTitle\" colspan=\"12\">verf\u00fcgbare Jahreszeiten<\/th>\n<\/tr>\n<tr>\n<th>Januar<\/th>\n<th>Februar<\/th>\n<th>M\u00e4rz<\/th>\n<th>April<\/th>\n<th>Mai<\/th>\n<th>Juno<\/th>\n<th>Juli<\/th>\n<th>August<\/th>\n<th>September<\/th>\n<th>Oktober<\/th>\n<th>November<\/th>\n<th>Dezember<\/th>\n<\/tr>\n<\/thead>\n<tbody>\n<tr>\n<td class=\"\"><\/td>\n<td class=\"\"><\/td>\n<td class=\"\"><\/td>\n<td class=\"green\"><\/td>\n<td class=\"green\"><\/td>\n<td class=\"green\"><\/td>\n<td class=\"green\"><\/td>\n<td class=\"green\"><\/td>\n<td class=\"green\"><\/td>\n<td class=\"\"><\/td>\n<td class=\"\"><\/td>\n<td class=\"\"><\/td>\n<\/tr>\n<\/tbody>\n<\/table>\n<\/div>\n<div class=\"productTable\">\n<table><!-- BA\u015eLIK --><\/p>\n<thead>\n<tr>\n<th>Ma\u00dfeinheit<\/th>\n<th><img decoding=\"async\" class=\"\" src=\"\/wp-content\/uploads\/kasa.svg\"> Verpackung<\/th>\n<th><img decoding=\"async\" class=\"\" src=\"\/wp-content\/uploads\/palet.svg\"> Pallete<\/th>\n<\/tr>\n<\/thead>\n<p><!-- BA\u015eLIK--><!-- CONTENT --><\/p>\n<tbody>\n<tr>\n<td class=\"boy\">9<br \/>\n12<br \/>\n14<br \/>\n16<br \/>\n18<br \/>\n20<br \/>\nSchaale im Karton<\/td>\n<td class=\"ambalaj\">\n<div><strong>Kunststoffkoffer<\/strong><\/div>\n<div><strong>Holzkiste<\/strong><\/div>\n<div>Durchschnittlich 4kg<\/div>\n<\/td>\n<td class=\"palet\">\n<div><strong>Europalette<\/strong> 80&#215;100 cm<\/div>\n<div><strong>Normale Palette<\/strong> 100&#215;120 cm<\/div>\n<\/td>\n<\/tr>\n<\/tbody>\n<p><!-- CONTENT --><\/table>\n<\/div>\n","protected":false},"excerpt":{"rendered":"<p>Die Nektarine unterscheidet sich durch ihre glatte Haut. Im Gegensatz zum saftig-s\u00fc\u00dfen Pfirsich kann der Geschmack der Nektarine eine leicht s\u00e4uerliche Note aufweisen Nektarinen haben jedoch eine glattere Haut und schmecken im Allgemeinen s\u00fc\u00dfer als Pfirsiche. Hier finden Sie weitere Informationen \u00fcber Nektarinen:<\/p>\n<ol>\n<li>Physikalische Merkmale: Die Nektarine ist eine besondere Sorte des Pfirsichbaums, die zwar dem Pfirsich \u00e4hnelt, aber meist eine glattere Schale hat. Die \u00e4u\u00dfere Schale kann gl\u00e4nzend und bunt sein, w\u00e4hrend das Innere ein s\u00fc\u00dfes und saftiges Fruchtfleisch hat.<\/li>\n<li>Geschmack und Textur: Nektarinen haben einen s\u00fc\u00dfen und saftigen Geschmack. Sie haben eine zartere Textur als Pfirsiche und werden daher in der Regel ohne Sch\u00e4len verzehrt.<\/li>\n<li>Sorten: Nektarinen gibt es in verschiedenen Sorten, die sich in Hautfarbe, Fruchtfleischfarbe und Geschmack unterscheiden k\u00f6nnen. So gibt es beispielsweise wei\u00dffleischige Nektarinen und gelbfleischige Nektarinen.<\/li>\n<li>N\u00e4hrwert: Nektarinen sind eine kalorienarme Frucht und enthalten N\u00e4hrstoffe wie Vitamin A, Vitamin C, Kalium und Ballaststoffe. Sie sind au\u00dferdem reich an Antioxidantien.<\/li>\n<li>Verzehr Nektarinen werden frisch, in Scheiben geschnitten oder gesch\u00e4lt verzehrt. Sie k\u00f6nnen auch in Obstsalaten, Joghurt oder Desserts verwendet werden. Auch Nektarinensaft ist ein beliebtes Getr\u00e4nk.<\/li>\n<li>Kultivierung Nektarinen werden in Regionen mit mildem Klima angebaut. Die Fr\u00fcchte reifen im Sommer und werden geerntet. Es ist wichtig, dass sie in gut durchl\u00e4ssigen B\u00f6den wachsen.<\/li>\n<\/ol>\n<p>Nektarinen sind aufgrund ihres k\u00f6stlichen Geschmacks und ihrer ern\u00e4hrungsphysiologischen Eigenschaften eine beliebte Obstsorte. Die Tatsache, dass sie s\u00fc\u00df und saftig sind, tr\u00e4gt dazu bei, dass sie von vielen Menschen gerne gegessen werden. Au\u00dferdem haben sie einen hohen N\u00e4hrwert f\u00fcr die Gesundheit und enthalten viele Vitamine und Mineralstoffe.<\/p>\n","protected":false},"featured_media":2609,"template":"","meta":[],"product_brand":[],"product_cat":[119],"product_tag":[],"class_list":{"0":"post-3516","1":"product","2":"type-product","3":"status-publish","4":"has-post-thumbnail","6":"product_cat-pfirsichsorten","8":"first","9":"instock","10":"shipping-taxable","11":"product-type-simple"},"_links":{"self":[{"href":"https:\/\/onkel.com.tr\/de\/wp-json\/wp\/v2\/product\/3516","targetHints":{"allow":["GET"]}}],"collection":[{"href":"https:\/\/onkel.com.tr\/de\/wp-json\/wp\/v2\/product"}],"about":[{"href":"https:\/\/onkel.com.tr\/de\/wp-json\/wp\/v2\/types\/product"}],"wp:featuredmedia":[{"embeddable":true,"href":"https:\/\/onkel.com.tr\/de\/wp-json\/wp\/v2\/media\/2609"}],"wp:attachment":[{"href":"https:\/\/onkel.com.tr\/de\/wp-json\/wp\/v2\/media?parent=3516"}],"wp:term":[{"taxonomy":"product_brand","embeddable":true,"href":"https:\/\/onkel.com.tr\/de\/wp-json\/wp\/v2\/product_brand?post=3516"},{"taxonomy":"product_cat","embeddable":true,"href":"https:\/\/onkel.com.tr\/de\/wp-json\/wp\/v2\/product_cat?post=3516"},{"taxonomy":"product_tag","embeddable":true,"href":"https:\/\/onkel.com.tr\/de\/wp-json\/wp\/v2\/product_tag?post=3516"}],"curies":[{"name":"wp","href":"https:\/\/api.w.org\/{rel}","templated":true}]}}