{"id":3197,"date":"2023-10-07T08:57:18","date_gmt":"2023-10-07T05:57:18","guid":{"rendered":"https:\/\/onkel.com.tr\/unkategorisiert\/aprikose-tuerkische-sorte-schecker-pare\/"},"modified":"2024-05-16T14:15:47","modified_gmt":"2024-05-16T11:15:47","slug":"aprikose-tuerkische-sorte-schecker-pare","status":"publish","type":"product","link":"https:\/\/onkel.com.tr\/de\/fruechte-de\/aprikosensorten\/aprikose-tuerkische-sorte-schecker-pare\/","title":{"rendered":"Aprikose (t\u00fcrkische Sorte: Schecker Pare)"},"content":{"rendered":"<div class=\"periyodikTablo\">\n<table>\n<thead>\n<tr>\n<th class=\"periyodikTabloTitle\" colspan=\"12\">verf\u00fcgbare Jahreszeiten<\/th>\n<\/tr>\n<tr>\n<th>Januar<\/th>\n<th>Februar<\/th>\n<th>M\u00e4rz<\/th>\n<th>April<\/th>\n<th>Mai<\/th>\n<th>Juno<\/th>\n<th>Juli<\/th>\n<th>August<\/th>\n<th>September<\/th>\n<th>Oktober<\/th>\n<th>November<\/th>\n<th>Dezember<\/th>\n<\/tr>\n<\/thead>\n<tbody>\n<tr>\n<td class=\"\"><\/td>\n<td class=\"\"><\/td>\n<td class=\"\"><\/td>\n<td class=\"green\"><\/td>\n<td class=\"green\"><\/td>\n<td class=\"green\"><\/td>\n<td class=\"green\"><\/td>\n<td class=\"green\"><\/td>\n<td class=\"\"><\/td>\n<td class=\"\"><\/td>\n<td class=\"\"><\/td>\n<td class=\"\"><\/td>\n<\/tr>\n<\/tbody>\n<\/table>\n<\/div>\n<div class=\"productTable\">\n<table><!-- BA\u015eLIK --><\/p>\n<thead>\n<tr>\n<th>Ma\u00dfeinheit<\/th>\n<th><img decoding=\"async\" class=\"\" src=\"\/wp-content\/uploads\/kasa.svg\"> Verpackung<\/th>\n<th><img decoding=\"async\" class=\"\" src=\"\/wp-content\/uploads\/palet.svg\"> Pallete<\/th>\n<\/tr>\n<\/thead>\n<p><!-- BA\u015eLIK--><!-- CONTENT --><\/p>\n<tbody>\n<tr>\n<td class=\"boy\"><\/td>\n<td class=\"ambalaj\">\n<div><strong>Holzkiste<\/strong> 5 Kg netto Gewicht<\/div>\n<\/td>\n<td class=\"palet\">\n<div><strong>Europalette<\/strong> 80&#215;100 cm<\/div>\n<div><strong>Normale Palette<\/strong> 100&#215;120 cm<\/div>\n<\/td>\n<\/tr>\n<\/tbody>\n<p><!-- CONTENT --><\/table>\n<\/div>\n<p>&nbsp;<\/p>\n","protected":false},"excerpt":{"rendered":"<p>Die Aprikose ist die Frucht einer Baumart namens Prunus armeniaca und reift normalerweise im Sommer. Aprikosen k\u00f6nnen frisch, getrocknet oder auf vielf\u00e4ltige Weise verarbeitet werden, z. B. zu Konfit\u00fcre und Marmelade. Hier finden Sie weitere Informationen \u00fcber Aprikosen:<\/p>\n<ol>\n<li>Aprikosenbaum Der Aprikosenbaum ist ein Obstbaum, der in der Regel 3-6 Meter hoch ist und wei\u00dfe Bl\u00fcten tr\u00e4gt. Diese B\u00e4ume wachsen normalerweise in gem\u00e4\u00dfigten Klimazonen und tragen im Sommer Fr\u00fcchte.<\/li>\n<li>Merkmale der Fr\u00fcchte: Aprikosenfr\u00fcchte k\u00f6nnen klein, rund oder oval sein. Ihre Schalen sind in der Regel behaart oder unbehaart und k\u00f6nnen in der Farbe von gelb bis orange variieren. Aprikosen haben eine saftige und s\u00fc\u00dfe innere Struktur.<\/li>\n<li>N\u00e4hrwert: Aprikosen enthalten viele wichtige N\u00e4hrstoffe wie Vitamin C, Vitamin A (Beta-Carotin), Kalium und Ballaststoffe. Sie ist auch eine kalorienarme Frucht und kann als gesunder Snack bevorzugt werden.<\/li>\n<li>Getrocknete Aprikosen werden durch Entzug des Wassers aus frischen Aprikosen gewonnen. Dieses Verfahren f\u00fchrt zu einem intensiveren Geschmack und einem h\u00f6heren N\u00e4hrwert. Getrocknete Aprikosen werden in Keksen, Kuchen oder Fr\u00fchst\u00fccksgerichten verwendet.<\/li>\n<li>Konfit\u00fcre und Marmelade: Aprikosen werden h\u00e4ufig zur Herstellung von s\u00fc\u00dfer Konfit\u00fcre und Marmelade verwendet. Aprikosenmarmelade wird durch Mischen von Aprikosenp\u00fcree und Zucker hergestellt und wird h\u00e4ufig zum Fr\u00fchst\u00fcck gegessen.<\/li>\n<li>Aprikosen\u00f6l: Aprikosen\u00f6l, das aus Aprikosenkernen gewonnen wird, wird zur Haut- und Haarpflege verwendet. Das \u00d6l der Frucht \u00d6l hat antioxidative Eigenschaften und kann die Haut mit Feuchtigkeit versorgen.<\/li>\n<li>Gesundheitliche Vorteile: Aprikosen k\u00f6nnen die Gesundheit der Augen unterst\u00fctzen, da sie reich an Vitamin A sind. (RAUS)<\/li>\n<\/ol>\n<p>Aprikosen sind eine vielseitige Frucht, die aufgrund ihres k\u00f6stlichen Geschmacks und ihrer ern\u00e4hrungsphysiologischen Eigenschaften in vielen verschiedenen Gerichten und Snacks verwendet wird.<\/p>\n<p><strong>ERZEUGUNGSGEBIET : HATAY-MERSIN-MALATYA<\/strong><\/p>\n","protected":false},"featured_media":3231,"template":"","meta":[],"product_brand":[],"product_cat":[112],"product_tag":[],"class_list":{"0":"post-3197","1":"product","2":"type-product","3":"status-publish","4":"has-post-thumbnail","6":"product_cat-aprikosensorten","8":"first","9":"instock","10":"shipping-taxable","11":"product-type-simple"},"_links":{"self":[{"href":"https:\/\/onkel.com.tr\/de\/wp-json\/wp\/v2\/product\/3197","targetHints":{"allow":["GET"]}}],"collection":[{"href":"https:\/\/onkel.com.tr\/de\/wp-json\/wp\/v2\/product"}],"about":[{"href":"https:\/\/onkel.com.tr\/de\/wp-json\/wp\/v2\/types\/product"}],"wp:featuredmedia":[{"embeddable":true,"href":"https:\/\/onkel.com.tr\/de\/wp-json\/wp\/v2\/media\/3231"}],"wp:attachment":[{"href":"https:\/\/onkel.com.tr\/de\/wp-json\/wp\/v2\/media?parent=3197"}],"wp:term":[{"taxonomy":"product_brand","embeddable":true,"href":"https:\/\/onkel.com.tr\/de\/wp-json\/wp\/v2\/product_brand?post=3197"},{"taxonomy":"product_cat","embeddable":true,"href":"https:\/\/onkel.com.tr\/de\/wp-json\/wp\/v2\/product_cat?post=3197"},{"taxonomy":"product_tag","embeddable":true,"href":"https:\/\/onkel.com.tr\/de\/wp-json\/wp\/v2\/product_tag?post=3197"}],"curies":[{"name":"wp","href":"https:\/\/api.w.org\/{rel}","templated":true}]}}