{"id":2985,"date":"2023-09-18T16:51:46","date_gmt":"2023-09-18T13:51:46","guid":{"rendered":"https:\/\/onkel.com.tr\/unkategorisiert\/topinambur\/"},"modified":"2024-05-16T14:15:39","modified_gmt":"2024-05-16T11:15:39","slug":"topinambur","status":"publish","type":"product","link":"https:\/\/onkel.com.tr\/de\/gemuese\/topinambur-sorten\/topinambur\/","title":{"rendered":"Topinambur"},"content":{"rendered":"<div class=\"periyodikTablo\">\n<table>\n<thead>\n<tr>\n<th class=\"periyodikTabloTitle\" colspan=\"12\">verf\u00fcgbare Jahreszeiten<\/th>\n<\/tr>\n<tr>\n<th>Januar<\/th>\n<th>Februar<\/th>\n<th>M\u00e4rz<\/th>\n<th>April<\/th>\n<th>Mai<\/th>\n<th>Juno<\/th>\n<th>Juli<\/th>\n<th>August<\/th>\n<th>September<\/th>\n<th>Oktober<\/th>\n<th>November<\/th>\n<th>Dezember<\/th>\n<\/tr>\n<\/thead>\n<tbody>\n<tr>\n<td class=\"green\"><\/td>\n<td class=\"green\"><\/td>\n<td class=\"green\"><\/td>\n<td class=\"green\"><\/td>\n<td class=\"green\"><\/td>\n<td class=\"green\"><\/td>\n<td class=\"green\"><\/td>\n<td class=\"green\"><\/td>\n<td class=\"green\"><\/td>\n<td class=\"green\"><\/td>\n<td class=\"green\"><\/td>\n<td class=\"green\"><\/td>\n<\/tr>\n<\/tbody>\n<\/table>\n<\/div>\n<div class=\"productTable\">\n<table><!-- BA\u015eLIK --><\/p>\n<thead>\n<tr>\n<th>Ma\u00dfeinheit<\/th>\n<th><img decoding=\"async\" class=\"\" src=\"\/wp-content\/uploads\/kasa.svg\"> Verpackung<\/th>\n<\/tr>\n<\/thead>\n<p><!-- BA\u015eLIK--><!-- CONTENT --><\/p>\n<tbody>\n<tr>\n<td class=\"boy\"><\/td>\n<td class=\"ambalaj\">\n<div><strong>Pappkarton<\/strong> 40&#215;60 cm<\/div>\n<\/td>\n<\/tr>\n<\/tbody>\n<p><!-- CONTENT --><\/table>\n<\/div>\n","protected":false},"excerpt":{"rendered":"<p>Topinambur wird vor allem wegen seiner unterirdischen Wurzelknollen angebaut. Diese Knollen haben eine kartoffel\u00e4hnliche Konsistenz und schmecken beim Verzehr leicht s\u00fc\u00dflich und sogar nussig. Topinambur kann gekocht, gebraten, gerieben und roh in Salaten verwendet werden. Sie k\u00f6nnen ihn auch als Beilage oder P\u00fcree in verschiedenen Gerichten verwendet werden.<\/p>\n<p>Topinambur ist ein nahrhaftes Wurzelgem\u00fcse, das reich an Ballaststoffen, Vitamin C und Kalium ist. Au\u00dferdem enth\u00e4lt er ein Kohlenhydrat namens Inulin, ein Pr\u00e4biotikum, das sich positiv auf die Verdauung auswirken kann.<\/p>\n<p>Diese Pflanzenart kann sich im Gartenboden schnell ausbreiten und wird in einigen Regionen als invasiv angesehen. Sie muss aus dem Grund von den Gartenbauern sorgf\u00e4ltig kontrolliert werden. Topinambur ist eine interessante Alternative f\u00fcr alle, die ein schmackhaftes und anderes Wurzelgem\u00fcse suchen.<\/p>\n","protected":false},"featured_media":2635,"template":"","meta":[],"product_brand":[],"product_cat":[130],"product_tag":[],"class_list":{"0":"post-2985","1":"product","2":"type-product","3":"status-publish","4":"has-post-thumbnail","6":"product_cat-topinambur-sorten","8":"first","9":"instock","10":"shipping-taxable","11":"product-type-simple"},"_links":{"self":[{"href":"https:\/\/onkel.com.tr\/de\/wp-json\/wp\/v2\/product\/2985","targetHints":{"allow":["GET"]}}],"collection":[{"href":"https:\/\/onkel.com.tr\/de\/wp-json\/wp\/v2\/product"}],"about":[{"href":"https:\/\/onkel.com.tr\/de\/wp-json\/wp\/v2\/types\/product"}],"wp:featuredmedia":[{"embeddable":true,"href":"https:\/\/onkel.com.tr\/de\/wp-json\/wp\/v2\/media\/2635"}],"wp:attachment":[{"href":"https:\/\/onkel.com.tr\/de\/wp-json\/wp\/v2\/media?parent=2985"}],"wp:term":[{"taxonomy":"product_brand","embeddable":true,"href":"https:\/\/onkel.com.tr\/de\/wp-json\/wp\/v2\/product_brand?post=2985"},{"taxonomy":"product_cat","embeddable":true,"href":"https:\/\/onkel.com.tr\/de\/wp-json\/wp\/v2\/product_cat?post=2985"},{"taxonomy":"product_tag","embeddable":true,"href":"https:\/\/onkel.com.tr\/de\/wp-json\/wp\/v2\/product_tag?post=2985"}],"curies":[{"name":"wp","href":"https:\/\/api.w.org\/{rel}","templated":true}]}}