{"id":2984,"date":"2023-09-18T16:51:25","date_gmt":"2023-09-18T13:51:25","guid":{"rendered":"https:\/\/onkel.com.tr\/unkategorisiert\/tuerkischer-blattkohl-lahana\/"},"modified":"2024-05-16T14:18:47","modified_gmt":"2024-05-16T11:18:47","slug":"turkischer-blattkohl-lahana","status":"publish","type":"product","link":"https:\/\/onkel.com.tr\/de\/gemuese\/kohlsorten\/turkischer-blattkohl-lahana\/","title":{"rendered":"T\u00fcrkischer Blattkohl &#8222;Lahana&#8220;"},"content":{"rendered":"<div class=\"periyodikTablo\">\n<table>\n<thead>\n<tr>\n<th class=\"periyodikTabloTitle\" colspan=\"12\">verf\u00fcgbare Jahreszeiten<\/th>\n<\/tr>\n<tr>\n<th>Januar<\/th>\n<th>Februar<\/th>\n<th>M\u00e4rz<\/th>\n<th>April<\/th>\n<th>Mai<\/th>\n<th>Juno<\/th>\n<th>Juli<\/th>\n<th>August<\/th>\n<th>September<\/th>\n<th>Oktober<\/th>\n<th>November<\/th>\n<th>Dezember<\/th>\n<\/tr>\n<\/thead>\n<tbody>\n<tr>\n<td class=\"green\"><\/td>\n<td class=\"green\"><\/td>\n<td class=\"green\"><\/td>\n<td class=\"green\"><\/td>\n<td class=\"green\"><\/td>\n<td class=\"green\"><\/td>\n<td class=\"green\"><\/td>\n<td class=\"green\"><\/td>\n<td class=\"green\"><\/td>\n<td class=\"green\"><\/td>\n<td class=\"green\"><\/td>\n<td class=\"green\"><\/td>\n<\/tr>\n<\/tbody>\n<\/table>\n<\/div>\n<div class=\"productTable\">\n<table><!-- BA\u015eLIK --><\/p>\n<thead>\n<tr>\n<th>Ma\u00dfeinheit<\/th>\n<th><img decoding=\"async\" class=\"\" src=\"\/wp-content\/uploads\/kasa.svg\"> Verpackung<\/th>\n<\/tr>\n<\/thead>\n<p><!-- BA\u015eLIK--><!-- CONTENT --><\/p>\n<tbody>\n<tr>\n<td class=\"boy\"><\/td>\n<td class=\"ambalaj\">\n<div><strong>Holzkiste<\/strong> 40&#215;60 cm<\/div>\n<\/td>\n<\/tr>\n<\/tbody>\n<p><!-- CONTENT --><\/table>\n<\/div>\n","protected":false},"excerpt":{"rendered":"<p>Botanischer Name: Brassica oleracea L. convar. Acephala (DC) Alef.var sabellica L. Alle Kohlarten &#8211; von Blumen- \u00fcber Gr\u00fcn- bis Rosenkohl &#8211; basieren auf dem sogenannten Wildkohl (Brassica oleracea) Der t\u00fcrkischer Blattkohl, gesprochen Lachana, der in vielen t\u00fcrkischen Gem\u00fcseg\u00e4rten w\u00e4chst, ist bisher z\u00fcchterisch nicht bearbeitet. Es gibt viele verschiedene Pflanzen, mal helle, mal r\u00f6tliche Exemplare. Die Bl\u00e4tter sind leicht gekraus, Gr\u00fcnkohl \u00e4hnlich und gro\u00df. Grunds\u00e4tzlich ist Kohl ein weltweit verbreitetes Gem\u00fcse, von dem es viele verschiedene Sorten gibt. Hier finden Sie weitere Informationen \u00fcber Kohl:<\/p>\n<ol>\n<li>Arten: In der Familie der Kohlgew\u00e4chse gibt es viele verschiedene Arten. Dazu geh\u00f6ren Wei\u00dfkohl (rundk\u00f6pfig), Rotkohl, Gr\u00fcnkohl (wie Gelbgr\u00fcn und Wirsing), Chinakohl und Rosenkohl.<\/li>\n<li>N\u00e4hrwert: Kohl ist ein kalorienarmes Gem\u00fcse und enth\u00e4lt viele wichtige N\u00e4hrstoffe wie Ballaststoffe, Vitamin C, Vitamin K, Fols\u00e4ure, Eisen und Kalzium. Blattkohl ist ein deswegen ein &#8222;Superfood&#8220;, durch seine gesundheitlichen Benefits.<\/li>\n<li>Sie k\u00f6nnen ihn f\u00fcr zahlreiche Gerichte verwenden. In der t\u00fcrkischen K\u00fcche wird er auch f\u00fcr Kohlwickel, -rouladen genutzt. F\u00fcr die F\u00fcllung wird Rinder- oder Lammmett verwendet. In den vegetarischen Varianten, aber auch Bulgur, Reis, Gem\u00fcse und Kr\u00e4uter.<\/li>\n<li>Das Beste daran? Die Bl\u00e4tter m\u00fcssen nicht einmal blanchiert werden, da sie von Natur aus zart und leicht zu verarbeiten sind. Lassen Sie Ihrer Kreativit\u00e4t freien Lauf und verwenden Sie die fein geschnittenen Bl\u00e4tter auch in herzhaften Wintersuppen, aromatischen Gem\u00fcsegerichten oder cremigen Risottos. Ein wahrer Allesk\u00f6nner f\u00fcr ein Kohl satt essen!!<\/li>\n<li>Aufbewahrung: Kohl kann solange frisch bleiben, wenn er k\u00fchl und trocken gelagert wird. Bei richtiger Anwendung werden die \u00e4u\u00dferen Bl\u00e4tter bei Bedarf entfernt und die inneren Teile werden daf\u00fcr verwendet.<\/li>\n<li>Verschiedene Sorten: Jede Sorte hat dabei einen einzigartigen Geschmack. Wei\u00dfkohl wird zum Beispiel h\u00e4ufig f\u00fcr gef\u00fcllten Kohl verwendet, w\u00e4hrend Rotkohl eher f\u00fcr Salate oder Gurken verwendet wird.<\/li>\n<\/ol>\n<p>Kohl ist ein vielseitiges Gem\u00fcse, das in vielen nahrhaften und schmackhaften Rezepten verwendet werden kann. Probieren Sie es aus!<\/p>\n","protected":false},"featured_media":2685,"template":"","meta":[],"product_brand":[],"product_cat":[127],"product_tag":[],"class_list":{"0":"post-2984","1":"product","2":"type-product","3":"status-publish","4":"has-post-thumbnail","6":"product_cat-kohlsorten","8":"first","9":"instock","10":"shipping-taxable","11":"product-type-simple"},"_links":{"self":[{"href":"https:\/\/onkel.com.tr\/de\/wp-json\/wp\/v2\/product\/2984","targetHints":{"allow":["GET"]}}],"collection":[{"href":"https:\/\/onkel.com.tr\/de\/wp-json\/wp\/v2\/product"}],"about":[{"href":"https:\/\/onkel.com.tr\/de\/wp-json\/wp\/v2\/types\/product"}],"wp:featuredmedia":[{"embeddable":true,"href":"https:\/\/onkel.com.tr\/de\/wp-json\/wp\/v2\/media\/2685"}],"wp:attachment":[{"href":"https:\/\/onkel.com.tr\/de\/wp-json\/wp\/v2\/media?parent=2984"}],"wp:term":[{"taxonomy":"product_brand","embeddable":true,"href":"https:\/\/onkel.com.tr\/de\/wp-json\/wp\/v2\/product_brand?post=2984"},{"taxonomy":"product_cat","embeddable":true,"href":"https:\/\/onkel.com.tr\/de\/wp-json\/wp\/v2\/product_cat?post=2984"},{"taxonomy":"product_tag","embeddable":true,"href":"https:\/\/onkel.com.tr\/de\/wp-json\/wp\/v2\/product_tag?post=2984"}],"curies":[{"name":"wp","href":"https:\/\/api.w.org\/{rel}","templated":true}]}}