{"id":2978,"date":"2023-10-07T08:44:41","date_gmt":"2023-10-07T05:44:41","guid":{"rendered":"https:\/\/onkel.com.tr\/unkategorisiert\/quitte\/"},"modified":"2024-05-16T14:16:02","modified_gmt":"2024-05-16T11:16:02","slug":"die-quitte","status":"publish","type":"product","link":"https:\/\/onkel.com.tr\/de\/fruechte-de\/quittensorten\/die-quitte\/","title":{"rendered":"Quitte"},"content":{"rendered":"<div class=\"periyodikTablo\">\n<table>\n<thead>\n<tr>\n<th class=\"periyodikTabloTitle\" colspan=\"12\">verf\u00fcgbare Jahreszeiten<\/th>\n<\/tr>\n<tr>\n<th>Januar<\/th>\n<th>Februar<\/th>\n<th>M\u00e4rz<\/th>\n<th>April<\/th>\n<th>Mai<\/th>\n<th>Juno<\/th>\n<th>Juli<\/th>\n<th>August<\/th>\n<th>September<\/th>\n<th>Oktober<\/th>\n<th>November<\/th>\n<th>Dezember<\/th>\n<\/tr>\n<\/thead>\n<tbody>\n<tr>\n<td class=\"green\"><\/td>\n<td class=\"green\"><\/td>\n<td class=\"green\"><\/td>\n<td class=\"\"><\/td>\n<td class=\"\"><\/td>\n<td class=\"\"><\/td>\n<td class=\"\"><\/td>\n<td class=\"\"><\/td>\n<td class=\"green\"><\/td>\n<td class=\"green\"><\/td>\n<td class=\"green\"><\/td>\n<td class=\"green\"><\/td>\n<\/tr>\n<\/tbody>\n<\/table>\n<\/div>\n<div class=\"productTable\">\n<table><!-- BA\u015eLIK --><\/p>\n<thead>\n<tr>\n<th>Ma\u00dfeinheit<\/th>\n<th><img decoding=\"async\" class=\"\" src=\"\/wp-content\/uploads\/kasa.svg\"> Verpackung<\/th>\n<th><img decoding=\"async\" class=\"\" src=\"\/wp-content\/uploads\/palet.svg\"> Pallete<\/th>\n<\/tr>\n<\/thead>\n<p><!-- BA\u015eLIK--><!-- CONTENT --><\/p>\n<tbody>\n<tr>\n<td class=\"boy\">7<br \/>\n9<br \/>\n12<br \/>\n14<br \/>\n16<br \/>\nSchaale im Karton<\/td>\n<td class=\"ambalaj\">\n<div><strong>Kunststoffkiste<\/strong> 40&#215;60 cm<\/div>\n<div><strong>Pappkarton<\/strong> 40&#215;60 cm<\/div>\n<div><strong>Pappkarton<\/strong> 30&#215;60 cm<\/div>\n<div><strong>durchschnittlich<\/strong> 4 Kg<\/div>\n<\/td>\n<td class=\"palet\">\n<div><strong>Europalette<\/strong> 80&#215;100 cm<\/div>\n<div><strong>Normale Palette<\/strong> 100&#215;120 cm<\/div>\n<\/td>\n<\/tr>\n<\/tbody>\n<p><!-- CONTENT --><\/table>\n<\/div>\n<p>&nbsp;<\/p>\n","protected":false},"excerpt":{"rendered":"<p>Quitten k\u00f6nnen frisch verzehrt oder auf verschiedene Weise verarbeitet werden, z. B. zu Marmelade, Kompott, Essiggurken und S\u00fc\u00dfspeisen. Es kann auch Fruchtp\u00fcree oder Quittensaft hergestellt werden. Sie k\u00f6nnen auch in verschiedenen Gerichten oder Salaten verwendet werden. Die Quitte spielt eine wichtige Rolle in verschiedenen Gerichten und Desserts in unterschiedlichen K\u00fcchen der Welt.<\/p>\n<p><strong>REGION DER ERZEUGUNG : GEYVE &amp; DEN\u0130ZL\u0130<\/strong><\/p>\n","protected":false},"featured_media":3213,"template":"","meta":[],"product_brand":[],"product_cat":[106],"product_tag":[],"class_list":{"0":"post-2978","1":"product","2":"type-product","3":"status-publish","4":"has-post-thumbnail","6":"product_cat-quittensorten","8":"first","9":"instock","10":"shipping-taxable","11":"product-type-simple"},"_links":{"self":[{"href":"https:\/\/onkel.com.tr\/de\/wp-json\/wp\/v2\/product\/2978","targetHints":{"allow":["GET"]}}],"collection":[{"href":"https:\/\/onkel.com.tr\/de\/wp-json\/wp\/v2\/product"}],"about":[{"href":"https:\/\/onkel.com.tr\/de\/wp-json\/wp\/v2\/types\/product"}],"wp:featuredmedia":[{"embeddable":true,"href":"https:\/\/onkel.com.tr\/de\/wp-json\/wp\/v2\/media\/3213"}],"wp:attachment":[{"href":"https:\/\/onkel.com.tr\/de\/wp-json\/wp\/v2\/media?parent=2978"}],"wp:term":[{"taxonomy":"product_brand","embeddable":true,"href":"https:\/\/onkel.com.tr\/de\/wp-json\/wp\/v2\/product_brand?post=2978"},{"taxonomy":"product_cat","embeddable":true,"href":"https:\/\/onkel.com.tr\/de\/wp-json\/wp\/v2\/product_cat?post=2978"},{"taxonomy":"product_tag","embeddable":true,"href":"https:\/\/onkel.com.tr\/de\/wp-json\/wp\/v2\/product_tag?post=2978"}],"curies":[{"name":"wp","href":"https:\/\/api.w.org\/{rel}","templated":true}]}}