{"id":2975,"date":"2023-09-29T16:46:05","date_gmt":"2023-09-29T13:46:05","guid":{"rendered":"https:\/\/onkel.com.tr\/unkategorisiert\/spitzpaprika-kapya\/"},"modified":"2024-05-16T14:16:14","modified_gmt":"2024-05-16T11:16:14","slug":"spitzpaprika","status":"publish","type":"product","link":"https:\/\/onkel.com.tr\/de\/gemuese\/paprikasorten\/spitzpaprika\/","title":{"rendered":"Spitzpaprika (Kapya)"},"content":{"rendered":"<div class=\"periyodikTablo\">\n<table>\n<thead>\n<tr>\n<th class=\"periyodikTabloTitle\" colspan=\"12\">verf\u00fcgbare Jahreszeiten<\/th>\n<\/tr>\n<tr>\n<th>Januar<\/th>\n<th>Februar<\/th>\n<th>M\u00e4rz<\/th>\n<th>April<\/th>\n<th>Mai<\/th>\n<th>Juno<\/th>\n<th>Juli<\/th>\n<th>August<\/th>\n<th>September<\/th>\n<th>Oktober<\/th>\n<th>November<\/th>\n<th>Dezember<\/th>\n<\/tr>\n<\/thead>\n<tbody>\n<tr>\n<td class=\"green\"><\/td>\n<td class=\"green\"><\/td>\n<td class=\"green\"><\/td>\n<td class=\"green\"><\/td>\n<td class=\"green\"><\/td>\n<td class=\"green\"><\/td>\n<td class=\"green\"><\/td>\n<td class=\"green\"><\/td>\n<td class=\"green\"><\/td>\n<td class=\"green\"><\/td>\n<td class=\"green\"><\/td>\n<td class=\"green\"><\/td>\n<\/tr>\n<\/tbody>\n<\/table>\n<\/div>\n<div class=\"productTable\">\n<table><!-- BA\u015eLIK --><\/p>\n<thead>\n<tr>\n<th>Ma\u00dfeinheit<\/th>\n<th><img decoding=\"async\" class=\"\" src=\"\/wp-content\/uploads\/kasa.svg\"> Verpackung<\/th>\n<th><img decoding=\"async\" class=\"\" src=\"\/wp-content\/uploads\/palet.svg\"> Pallete<\/th>\n<\/tr>\n<\/thead>\n<p><!-- BA\u015eLIK--><!-- CONTENT --><\/p>\n<tbody>\n<tr>\n<td class=\"boy\"><\/td>\n<td class=\"ambalaj\">\n<div><strong>Kunststoffkiste<\/strong> 40&#215;60 cm<\/div>\n<div><strong>Pappkarton<\/strong> 40&#215;60 cm<\/div>\n<div><strong>Pappkarton<\/strong> 30&#215;60 cm<\/div>\n<\/td>\n<td class=\"palet\">\n<div><strong>Europalette<\/strong> 80&#215;100 cm<\/div>\n<div><strong>Normale Palette<\/strong> 100&#215;120 cm<\/div>\n<\/td>\n<\/tr>\n<\/tbody>\n<p><!-- CONTENT --><\/table>\n<\/div>\n","protected":false},"excerpt":{"rendered":"<p>Die Spitzpaprika ist eine h\u00e4ufig verwendete und beliebte Paprikasorte in der T\u00fcrkei. Die Merkmale von Spitzpaprika k\u00f6nnen die folgenden sein:<\/p>\n<ol>\n<li>Farbe und Form: Kapya-Paprikaschoten sind in der Regel dickfleischig, prall und gro\u00dfformatig. Ihre Farbe ist in der Regel rot, manchmal findet man aber auch gr\u00fcne Paprikaschoten.<\/li>\n<li>Geschmack: Die Kapya-Paprika schmeckt s\u00fc\u00dfer und weniger bitter als andere Paprikasorten. Deswegen werden sie von denjenigen bevorzugt, die keine scharfen Chilis in ihren Mahlzeiten haben wollen.<\/li>\n<li>Verwendung: Kapia-Paprika wird h\u00e4ufig in der t\u00fcrkischen K\u00fcche verwendet. Sie werden besonders gerne in gebratenen oder ger\u00f6steten Gerichten, Vorspeisen und Salaten verwendet. Sie k\u00f6nnen auch gut f\u00fcr gef\u00fcllte Paprikaschoten verwendet werden.<\/li>\n<li>Lagerung: Kapia-Paprika kann sowohl frisch als auch getrocknet oder eingefroren verwendet und lange gelagert werden.<\/li>\n<\/ol>\n<p>Kapia-Paprika wird als wichtige Zutat bei der Zubereitung von k\u00f6stlichen Gerichten und Vorspeisen verwendet und ist aus der t\u00fcrkischen K\u00fcche nicht wegzudenken.<\/p>\n","protected":false},"featured_media":2691,"template":"","meta":[],"product_brand":[],"product_cat":[122],"product_tag":[],"class_list":{"0":"post-2975","1":"product","2":"type-product","3":"status-publish","4":"has-post-thumbnail","6":"product_cat-paprikasorten","8":"first","9":"instock","10":"shipping-taxable","11":"product-type-simple"},"_links":{"self":[{"href":"https:\/\/onkel.com.tr\/de\/wp-json\/wp\/v2\/product\/2975","targetHints":{"allow":["GET"]}}],"collection":[{"href":"https:\/\/onkel.com.tr\/de\/wp-json\/wp\/v2\/product"}],"about":[{"href":"https:\/\/onkel.com.tr\/de\/wp-json\/wp\/v2\/types\/product"}],"wp:featuredmedia":[{"embeddable":true,"href":"https:\/\/onkel.com.tr\/de\/wp-json\/wp\/v2\/media\/2691"}],"wp:attachment":[{"href":"https:\/\/onkel.com.tr\/de\/wp-json\/wp\/v2\/media?parent=2975"}],"wp:term":[{"taxonomy":"product_brand","embeddable":true,"href":"https:\/\/onkel.com.tr\/de\/wp-json\/wp\/v2\/product_brand?post=2975"},{"taxonomy":"product_cat","embeddable":true,"href":"https:\/\/onkel.com.tr\/de\/wp-json\/wp\/v2\/product_cat?post=2975"},{"taxonomy":"product_tag","embeddable":true,"href":"https:\/\/onkel.com.tr\/de\/wp-json\/wp\/v2\/product_tag?post=2975"}],"curies":[{"name":"wp","href":"https:\/\/api.w.org\/{rel}","templated":true}]}}